{"id":247,"date":"2018-10-30T18:16:26","date_gmt":"2018-10-30T18:16:26","guid":{"rendered":"https:\/\/the7.io\/g-business\/?page_id=247"},"modified":"2024-07-10T11:16:14","modified_gmt":"2024-07-10T11:16:14","slug":"historie","status":"publish","type":"page","link":"https:\/\/msv1995.de\/en\/historie","title":{"rendered":"History"},"content":{"rendered":"<div class=\"wpb-content-wrapper\"><div class=\"vc_row wpb_row vc_row-fluid vc_custom_1667850083822\"><div class=\"wpb_column vc_column_container vc_col-sm-12\"><div class=\"vc_column-inner\"><div class=\"wpb_wrapper\"><div id=\"ultimate-heading-503769f1f84e9a424\" class=\"uvc-heading ult-adjust-bottom-margin ultimate-heading-503769f1f84e9a424 uvc-8931\" data-hspacer=\"line_with_icon\" data-hline_width=\"auto\" data-hicon_type=\"custom\" data-hborder_style=\"solid\" data-hborder_height=\"3\" data-hborder_color=\"#006630\" data-icon_width=\"48\" data-hfixer=\"20\"  data-halign=\"center\" style=\"text-align:center\"><div class=\"uvc-main-heading ult-responsive\"  data-ultimate-target='.uvc-heading.ultimate-heading-503769f1f84e9a424 h2'  data-responsive-json-new='{\"font-size\":\"desktop:36px;\",\"line-height\":\"\"}' ><h2 style=\"--font-weight:theme;color:#a20404;margin-bottom:10px;\">FROM THE FOUNDATION UNTIL TODAY<\/h2><\/div><div class=\"uvc-heading-spacer line_with_icon\" style=\"margin-bottom:60px;\"><div class=\"ult-just-icon-wrapper\"><div class=\"align-icon\" style=\"text-align:center;\">\n<div class=\"aio-icon-img\" style=\"font-size:48px;display:inline-block;\" >\n\t<img decoding=\"async\" class=\"img-icon\" alt=\"null\" src=\"https:\/\/msv1995.de\/wp-content\/uploads\/2022\/11\/CFB9B669-2A61-48D4-9008-98C0C63B1766-e1667346509129.png\"\/>\n<\/div><\/div><\/div><\/div><\/div><\/div><\/div><\/div><\/div><div class=\"vc_row wpb_row vc_row-fluid vc_custom_1667850118141\"><div class=\"wpb_column vc_column_container vc_col-sm-12\"><div class=\"vc_column-inner\"><div class=\"wpb_wrapper\"><div class=\"smile-icon-timeline-wrap csstime\"  data-time_sep_bg_color=\"&quot;#a20404&quot;\" data-time_block_bg_color=\"&quot;#ffffff&quot;\" data-time_sep_color=\"&quot;#a20404&quot;\" style=\"\"><div class=\"timeline-line\" style=\"border-right-color:#a20404;\"><span><\/span><\/div><div class=\"timeline-wrapper\"><div class=\"timeline-block\"><div class=\"timeline-dot\"><\/div><div class=\"ult-timeline-arrow\"><s><\/s><l><\/l><\/div><div class=\"timeline-icon-block\"><div class=\"ult-timeline-icon\" style=\"   \"><div class=\"ult-just-icon-wrapper\"><div class=\"align-icon\" style=\"text-align:center;\">\n<div class=\"aio-icon-img\" style=\"font-size:300px;background:#ffffff;display:inline-block;\" >\n\t<img decoding=\"async\" class=\"img-icon\" alt=\"null\" src=\"https:\/\/msv1995.de\/wp-content\/uploads\/2022\/11\/271B8AFA-E227-46FF-BF4D-44587B70BC77.jpeg\"\/>\n<\/div><\/div><\/div><\/div> <!-- icon --><\/div><div class=\"timeline-header-block\" >\n\t\t\t\t\t\t\t<div id=\"timeline-item-7843\" class=\"timeline-header\" style=\"\"><h4 class=\"ult-timeline-title ult-responsive\"  data-ultimate-target='#timeline-item-7843 .ult-timeline-title'  data-responsive-json-new='{\"font-size\":\"\",\"line-height\":\"\"}'  style=\"\">FOUNDATION OF MSV HILAL 1995<\/h4><div class=\"ult-responsive timeline-item-spt\"  data-ultimate-target='#timeline-item-7843 .timeline-item-spt'  data-responsive-json-new='{\"font-size\":\"desktop:18px;\",\"line-height\":\"\"}'  style=\"\"><\/p>\n<p style=\"text-align: right;\">MSV D\u00fcsseldorf 1995 e.V. has only existed in its current form since 2015. Prior to this, MSV Hilal was founded in 1995. The association was originally founded by second-generation Moroccans with a history of immigration. They wanted to have a common place to socialise. The idea was to found a first senior team to have fun together on the football pitch. At that time, no one was thinking about setting up a youth section. The club was therefore founded by friends. MSV Hilal played its home games at ESV Blau-Wei\u00df in Flingern. The first senior team was even promoted to the Kreisliga A. Despite the brief success, the team was relegated straight back to the Kreisliga B and disappeared into insignificance for several years.<\/p>\n<p><\/div><\/div> <!-- header --><\/div><\/div><div class=\"timeline-block\"><div class=\"timeline-dot\"><\/div><div class=\"ult-timeline-arrow\"><s><\/s><l><\/l><\/div><div class=\"timeline-icon-block\"><div class=\"ult-timeline-icon\" style=\"   \"><div class=\"ult-just-icon-wrapper\"><div class=\"align-icon\" style=\"text-align:center;\">\n<div class=\"aio-icon-img\" style=\"font-size:400px;background:#ffffff;display:inline-block;\" >\n\t<img decoding=\"async\" class=\"img-icon\" alt=\"null\" src=\"https:\/\/msv1995.de\/wp-content\/uploads\/2022\/11\/B9EEF968-674D-4C99-AD2B-5886D7329BF6.webp\"\/>\n<\/div><\/div><\/div><\/div> <!-- icon --><\/div><div class=\"timeline-header-block\" >\n\t\t\t\t\t\t\t<div id=\"timeline-item-6613\" class=\"timeline-header\" style=\"\"><h4 class=\"ult-timeline-title ult-responsive\"  data-ultimate-target='#timeline-item-6613 .ult-timeline-title'  data-responsive-json-new='{\"font-size\":\"\",\"line-height\":\"\"}'  style=\"\">THE YEARS 2003 TO 2009<\/h4><div class=\"ult-responsive timeline-item-spt\"  data-ultimate-target='#timeline-item-6613 .timeline-item-spt'  data-responsive-json-new='{\"font-size\":\"desktop:18px;\",\"line-height\":\"\"}'  style=\"\"><\/p>\n<p style=\"text-align: left;\">Since 2003, MSV Hilal has played its home games at the DJK Sparta Bilk pitch. They remained in the Kreisliga B for several years. It was only after MSV Hilal moved to the DSC 99 pitch on Windscheidstrasse that the conditions gradually improved. During this period, a new board was elected, which was particularly active in the area of sponsorship. The club rose from the Kreisliga B to the Bezirksliga within two years.<\/p>\n<p><\/div><\/div> <!-- header --><\/div><\/div><div class=\"timeline-block\"><div class=\"timeline-dot\"><\/div><div class=\"ult-timeline-arrow\"><s><\/s><l><\/l><\/div><div class=\"timeline-icon-block\"><div class=\"ult-timeline-icon\" style=\"   \"><div class=\"ult-just-icon-wrapper\"><div class=\"align-icon\" style=\"text-align:center;\">\n<div class=\"aio-icon-img\" style=\"font-size:400px;background:#ffffff;display:inline-block;\" >\n\t<img decoding=\"async\" class=\"img-icon\" alt=\"null\" src=\"https:\/\/msv1995.de\/wp-content\/uploads\/2022\/11\/DCE10154-389D-4B1B-99DC-054A20966EF4.webp\"\/>\n<\/div><\/div><\/div><\/div> <!-- icon --><\/div><div class=\"timeline-header-block\" >\n\t\t\t\t\t\t\t<div id=\"timeline-item-8827\" class=\"timeline-header\" style=\"\"><h4 class=\"ult-timeline-title ult-responsive\"  data-ultimate-target='#timeline-item-8827 .ult-timeline-title'  data-responsive-json-new='{\"font-size\":\"\",\"line-height\":\"\"}'  style=\"\">THE SUCCESSFUL YEARS OF MSV HILAL<\/h4><div class=\"ult-responsive timeline-item-spt\"  data-ultimate-target='#timeline-item-8827 .timeline-item-spt'  data-responsive-json-new='{\"font-size\":\"desktop:18px;\",\"line-height\":\"\"}'  style=\"\"><\/p>\n<p style=\"text-align: right;\">The years between 2008-2010 were very successful. The board and the entire club worked continuously on the vision of building a club with a future and an entire youth programme.<\/p>\n<p><\/div><\/div> <!-- header --><\/div><\/div><div class=\"timeline-block\"><div class=\"timeline-dot\"><\/div><div class=\"ult-timeline-arrow\"><s><\/s><l><\/l><\/div><div class=\"timeline-icon-block\"><div class=\"ult-timeline-icon\" style=\"   \"><div class=\"ult-just-icon-wrapper\"><div class=\"align-icon\" style=\"text-align:center;\">\n<div class=\"aio-icon-img\" style=\"font-size:300px;background:#ffffff;display:inline-block;\" >\n\t<img decoding=\"async\" class=\"img-icon\" alt=\"null\" src=\"https:\/\/msv1995.de\/wp-content\/uploads\/2022\/11\/139B3C38-1AC7-44DA-A646-5394A5B64E9F.jpeg\"\/>\n<\/div><\/div><\/div><\/div> <!-- icon --><\/div><div class=\"timeline-header-block\" >\n\t\t\t\t\t\t\t<div id=\"timeline-item-3798\" class=\"timeline-header\" style=\"\"><h4 class=\"ult-timeline-title ult-responsive\"  data-ultimate-target='#timeline-item-3798 .ult-timeline-title'  data-responsive-json-new='{\"font-size\":\"\",\"line-height\":\"\"}'  style=\"\">FOUNDATION OF FC MAROC 2009<\/h4><div class=\"ult-responsive timeline-item-spt\"  data-ultimate-target='#timeline-item-3798 .timeline-item-spt'  data-responsive-json-new='{\"font-size\":\"desktop:18px;\",\"line-height\":\"\"}'  style=\"\"><\/p>\n<p style=\"text-align: left;\">At the same time, FC Maroc was founded in 2009. This club was also founded by Moroccans with a history of immigration.<\/p>\n<p><\/div><\/div> <!-- header --><\/div><\/div><div class=\"timeline-block\"><div class=\"timeline-dot\"><\/div><div class=\"ult-timeline-arrow\"><s><\/s><l><\/l><\/div><div class=\"timeline-icon-block\"><div class=\"ult-timeline-icon\" style=\"   \"><div class=\"ult-just-icon-wrapper\"><div class=\"align-icon\" style=\"text-align:center;\">\n<div class=\"aio-icon-img\" style=\"font-size:400px;background:#ffffff;display:inline-block;\" >\n\t<img decoding=\"async\" class=\"img-icon\" alt=\"null\" src=\"https:\/\/msv1995.de\/wp-content\/uploads\/2022\/11\/6F03AFC9-F5CE-4EE6-9D9A-F460D32806D4.jpeg\"\/>\n<\/div><\/div><\/div><\/div> <!-- icon --><\/div><div class=\"timeline-header-block\" >\n\t\t\t\t\t\t\t<div id=\"timeline-item-1230\" class=\"timeline-header\" style=\"\"><h4 class=\"ult-timeline-title ult-responsive\"  data-ultimate-target='#timeline-item-1230 .ult-timeline-title'  data-responsive-json-new='{\"font-size\":\"\",\"line-height\":\"\"}'  style=\"\">THREE CONSECUTIVE PROMOTIONS FOR FC MAROC<\/h4><div class=\"ult-responsive timeline-item-spt\"  data-ultimate-target='#timeline-item-1230 .timeline-item-spt'  data-responsive-json-new='{\"font-size\":\"desktop:18px;\",\"line-height\":\"\"}'  style=\"\"><\/p>\n<p style=\"text-align: right;\">The club achieved three successive promotions in quick succession. Both clubs had thus established themselves in D\u00fcsseldorf football.<\/p>\n<p><\/div><\/div> <!-- header --><\/div><\/div><div class=\"timeline-block\"><div class=\"timeline-dot\"><\/div><div class=\"ult-timeline-arrow\"><s><\/s><l><\/l><\/div><div class=\"timeline-icon-block\"><div class=\"ult-timeline-icon\" style=\"   \"><div class=\"ult-just-icon-wrapper\"><div class=\"align-icon\" style=\"text-align:center;\">\n<div class=\"aio-icon-img\" style=\"font-size:400px;background:#ffffff;display:inline-block;\" >\n\t<img decoding=\"async\" class=\"img-icon\" alt=\"null\" src=\"https:\/\/msv1995.de\/wp-content\/uploads\/2022\/11\/491B94C8-6ADA-46C2-9677-4978B06D8C8B.jpeg\"\/>\n<\/div><\/div><\/div><\/div> <!-- icon --><\/div><div class=\"timeline-header-block\" >\n\t\t\t\t\t\t\t<div id=\"timeline-item-5107\" class=\"timeline-header\" style=\"\"><h4 class=\"ult-timeline-title ult-responsive\"  data-ultimate-target='#timeline-item-5107 .ult-timeline-title'  data-responsive-json-new='{\"font-size\":\"\",\"line-height\":\"\"}'  style=\"\">THE CLUB MERGER 2015<\/h4><div class=\"ult-responsive timeline-item-spt\"  data-ultimate-target='#timeline-item-5107 .timeline-item-spt'  data-responsive-json-new='{\"font-size\":\"desktop:18px;\",\"line-height\":\"\"}'  style=\"\"><\/p>\n<p style=\"text-align: left;\">The decision was therefore made to merge the organisation in 2015. This was an important step, as they were now able to join forces. A youth section was gradually established. It started with the older age groups. The youth department quickly managed to establish all youth teams from Bambini to A-Youth.<\/p>\n<p><\/div><\/div> <!-- header --><\/div><\/div><div class=\"timeline-block\"><div class=\"timeline-dot\"><\/div><div class=\"ult-timeline-arrow\"><s><\/s><l><\/l><\/div><div class=\"timeline-icon-block\"><div class=\"ult-timeline-icon\" style=\"   \"><div class=\"ult-just-icon-wrapper\"><div class=\"align-icon\" style=\"text-align:center;\">\n<div class=\"aio-icon-img\" style=\"font-size:400px;background:#ffffff;display:inline-block;\" >\n\t<img decoding=\"async\" class=\"img-icon\" alt=\"null\" src=\"https:\/\/msv1995.de\/wp-content\/uploads\/2022\/11\/9C144CE2-0E9A-4757-8C33-57EA4C44770E.jpeg\"\/>\n<\/div><\/div><\/div><\/div> <!-- icon --><\/div><div class=\"timeline-header-block\" >\n\t\t\t\t\t\t\t<div id=\"timeline-item-2857\" class=\"timeline-header\" style=\"\"><h4 class=\"ult-timeline-title ult-responsive\"  data-ultimate-target='#timeline-item-2857 .ult-timeline-title'  data-responsive-json-new='{\"font-size\":\"\",\"line-height\":\"\"}'  style=\"\">PROMOTION TO THE OBERLIGA 2022<\/h4><div class=\"ult-responsive timeline-item-spt\"  data-ultimate-target='#timeline-item-2857 .timeline-item-spt'  data-responsive-json-new='{\"font-size\":\"desktop:18px;\",\"line-height\":\"\"}'  style=\"\"><\/p>\n<p style=\"text-align: right;\">The number of members increases. MSV D\u00fcsseldorf 1995 currently has around 243 members. The first senior team won the championship in the Landesliga and played in the Oberliga during the 2022\/2023 season. In the same season, the U19, U17 and U15 youth teams were represented in the performance classes at the same time for the first time. MSV D\u00fcsseldorf 1995 trains and plays at the district sports centre at Heidelberger Stra\u00dfe 75 in D\u00fcsseldorf.<\/p>\n<p><\/div><\/div> <!-- header --><\/div><\/div><\/div><\/div><\/div><\/div><\/div><\/div><div data-vc-full-width=\"true\" data-vc-full-width-temp=\"true\" data-vc-full-width-init=\"false\" data-vc-stretch-content=\"true\" class=\"vc_row wpb_row vc_row-fluid vc_custom_1667425502235 vc_row-no-padding\"><div class=\"wpb_column vc_column_container vc_col-sm-12\"><div class=\"vc_column-inner\"><div class=\"wpb_wrapper\"><style type=\"text\/css\" data-type=\"the7_shortcodes-inline-css\">.shortcode-single-image-wrap.shortcode-single-image-f54a3b620d04ca47dc1b1b69e0afefe9.enable-bg-rollover .rollover i,\n.shortcode-single-image-wrap.shortcode-single-image-f54a3b620d04ca47dc1b1b69e0afefe9.enable-bg-rollover .rollover-video i {\n  background: -webkit-linear-gradient();\n  background: linear-gradient();\n}\n.shortcode-single-image-wrap.shortcode-single-image-f54a3b620d04ca47dc1b1b69e0afefe9 .rollover-icon {\n  font-size: 32px;\n  color: #ffffff;\n  min-width: 44px;\n  min-height: 44px;\n  line-height: 44px;\n  border-radius: 100px;\n  border-style: solid;\n  border-width: 0px;\n}\n.dt-icon-bg-on.shortcode-single-image-wrap.shortcode-single-image-f54a3b620d04ca47dc1b1b69e0afefe9 .rollover-icon {\n  background: rgba(255,255,255,0.3);\n  box-shadow: none;\n}<\/style><div class=\"shortcode-single-image-wrap shortcode-single-image-f54a3b620d04ca47dc1b1b69e0afefe9 alignnone  enable-bg-rollover dt-icon-bg-off\" style=\"margin-top:0px; margin-bottom:0px; margin-left:0px; margin-right:0px; width:100px;\"><div class=\"shortcode-single-image\"><div class=\"fancy-media-wrap  layzr-bg\" style=\"\"><img decoding=\"async\" class=\"preload-me lazy-load aspect\" src=\"data:image\/svg+xml,%3Csvg%20xmlns%3D&#39;http%3A%2F%2Fwww.w3.org%2F2000%2Fsvg&#39;%20viewBox%3D&#39;0%200%2080%20101&#39;%2F%3E\" data-src=\"https:\/\/msv1995.de\/wp-content\/uploads\/2022\/11\/CFB9B669-2A61-48D4-9008-98C0C63B1766-e1667346509129.png\" data-srcset=\"https:\/\/msv1995.de\/wp-content\/uploads\/2022\/11\/CFB9B669-2A61-48D4-9008-98C0C63B1766-e1667346509129.png 80w\" loading=\"eager\" sizes=\"(max-width: 80px) 100vw, 80px\" width=\"80\" height=\"101\"  data-dt-location=\"https:\/\/msv1995.de\/en\/cfb9b669-2a61-48d4-9008-98c0c63b1766\" style=\"--ratio: 80 \/ 101;\" alt=\"\" \/><\/div><\/div><\/div><div class=\"vc_empty_space\"   style=\"height: 32px\"><span class=\"vc_empty_space_inner\"><\/span><\/div><div class=\"vc_row wpb_row vc_inner vc_row-fluid vc_custom_1667582143207\"><div class=\"wpb_column vc_column_container vc_col-sm-2\"><div class=\"vc_column-inner\"><div class=\"wpb_wrapper\"><\/div><\/div><\/div><div class=\"wpb_column vc_column_container vc_col-sm-2\"><div class=\"vc_column-inner\"><div class=\"wpb_wrapper\"><style type=\"text\/css\" data-type=\"the7_shortcodes-inline-css\">.shortcode-single-image-wrap.shortcode-single-image-ed93347e7679f0d258c84c5d6d7164f7.enable-bg-rollover .rollover i,\n.shortcode-single-image-wrap.shortcode-single-image-ed93347e7679f0d258c84c5d6d7164f7.enable-bg-rollover .rollover-video i {\n  background: -webkit-linear-gradient();\n  background: linear-gradient();\n}\n.shortcode-single-image-wrap.shortcode-single-image-ed93347e7679f0d258c84c5d6d7164f7 .rollover-icon {\n  font-size: 32px;\n  color: #ffffff;\n  min-width: 44px;\n  min-height: 44px;\n  line-height: 44px;\n  border-radius: 100px;\n  border-style: solid;\n  border-width: 0px;\n}\n.dt-icon-bg-on.shortcode-single-image-wrap.shortcode-single-image-ed93347e7679f0d258c84c5d6d7164f7 .rollover-icon {\n  background: rgba(255,255,255,0.3);\n  box-shadow: none;\n}<\/style><div class=\"shortcode-single-image-wrap shortcode-single-image-ed93347e7679f0d258c84c5d6d7164f7 alignnone  enable-bg-rollover dt-icon-bg-off\" style=\"margin-top:0px; margin-bottom:0px; margin-left:0px; margin-right:0px; width:40px;\"><div class=\"shortcode-single-image\"><div class=\"fancy-media-wrap  layzr-bg\" style=\"\"><img decoding=\"async\" class=\"preload-me lazy-load aspect\" src=\"data:image\/svg+xml,%3Csvg%20xmlns%3D&#39;http%3A%2F%2Fwww.w3.org%2F2000%2Fsvg&#39;%20viewBox%3D&#39;0%200%2040%2040&#39;%2F%3E\" data-src=\"https:\/\/msv1995.de\/wp-content\/uploads\/2022\/11\/2E6CF21A-4974-44F3-B4CC-36E98B840647-40x40.png\" data-srcset=\"https:\/\/msv1995.de\/wp-content\/uploads\/2022\/11\/2E6CF21A-4974-44F3-B4CC-36E98B840647-40x40.png 40w, https:\/\/msv1995.de\/wp-content\/uploads\/2022\/11\/2E6CF21A-4974-44F3-B4CC-36E98B840647-80x80.png 80w\" loading=\"eager\" sizes=\"(max-width: 40px) 100vw, 40px\" width=\"40\" height=\"40\"  data-dt-location=\"https:\/\/msv1995.de\/en\/home\/2e6cf21a-4974-44f3-b4cc-36e98b840647\" style=\"--ratio: 40 \/ 40;\" alt=\"\" \/><\/div><\/div><\/div><div class=\"vc_empty_space\"   style=\"height: 32px\"><span class=\"vc_empty_space_inner\"><\/span><\/div><\/div><\/div><\/div><div class=\"wpb_column vc_column_container vc_col-sm-2\"><div class=\"vc_column-inner\"><div class=\"wpb_wrapper\"><style type=\"text\/css\" data-type=\"the7_shortcodes-inline-css\">.shortcode-single-image-wrap.shortcode-single-image-f659a72157004f9b9c48bbb5966a735d.enable-bg-rollover .rollover i,\n.shortcode-single-image-wrap.shortcode-single-image-f659a72157004f9b9c48bbb5966a735d.enable-bg-rollover .rollover-video i {\n  background: -webkit-linear-gradient();\n  background: linear-gradient();\n}\n.shortcode-single-image-wrap.shortcode-single-image-f659a72157004f9b9c48bbb5966a735d .rollover-icon {\n  font-size: 32px;\n  color: #ffffff;\n  min-width: 44px;\n  min-height: 44px;\n  line-height: 44px;\n  border-radius: 100px;\n  border-style: solid;\n  border-width: 0px;\n}\n.dt-icon-bg-on.shortcode-single-image-wrap.shortcode-single-image-f659a72157004f9b9c48bbb5966a735d .rollover-icon {\n  background: rgba(255,255,255,0.3);\n  box-shadow: none;\n}<\/style><div class=\"shortcode-single-image-wrap shortcode-single-image-f659a72157004f9b9c48bbb5966a735d alignnone  enable-bg-rollover dt-icon-bg-off\" style=\"margin-top:0px; margin-bottom:0px; margin-left:0px; margin-right:0px; width:35px;\"><div class=\"shortcode-single-image\"><div class=\"fancy-media-wrap  layzr-bg\" style=\"\"><img decoding=\"async\" class=\"preload-me lazy-load aspect\" src=\"data:image\/svg+xml,%3Csvg%20xmlns%3D&#39;http%3A%2F%2Fwww.w3.org%2F2000%2Fsvg&#39;%20viewBox%3D&#39;0%200%2035%2035&#39;%2F%3E\" data-src=\"https:\/\/msv1995.de\/wp-content\/uploads\/2023\/07\/fd-1-35x35.png\" data-srcset=\"https:\/\/msv1995.de\/wp-content\/uploads\/2023\/07\/fd-1-35x35.png 35w, https:\/\/msv1995.de\/wp-content\/uploads\/2023\/07\/fd-1-70x70.png 70w\" loading=\"eager\" sizes=\"(max-width: 35px) 100vw, 35px\" width=\"35\" height=\"35\"  data-dt-location=\"https:\/\/msv1995.de\/en\/1-mannschaft\/fd\" style=\"--ratio: 35 \/ 35;\" alt=\"\" \/><\/div><\/div><\/div><div class=\"vc_empty_space\"   style=\"height: 32px\"><span class=\"vc_empty_space_inner\"><\/span><\/div><\/div><\/div><\/div><div class=\"wpb_column vc_column_container vc_col-sm-2\"><div class=\"vc_column-inner\"><div class=\"wpb_wrapper\"><style type=\"text\/css\" data-type=\"the7_shortcodes-inline-css\">.shortcode-single-image-wrap.shortcode-single-image-1613272c14cf7785953e012041e3e0c9.enable-bg-rollover .rollover i,\n.shortcode-single-image-wrap.shortcode-single-image-1613272c14cf7785953e012041e3e0c9.enable-bg-rollover .rollover-video i {\n  background: -webkit-linear-gradient();\n  background: linear-gradient();\n}\n.shortcode-single-image-wrap.shortcode-single-image-1613272c14cf7785953e012041e3e0c9 .rollover-icon {\n  font-size: 32px;\n  color: #ffffff;\n  min-width: 44px;\n  min-height: 44px;\n  line-height: 44px;\n  border-radius: 100px;\n  border-style: solid;\n  border-width: 0px;\n}\n.dt-icon-bg-on.shortcode-single-image-wrap.shortcode-single-image-1613272c14cf7785953e012041e3e0c9 .rollover-icon {\n  background: rgba(255,255,255,0.3);\n  box-shadow: none;\n}<\/style><div class=\"shortcode-single-image-wrap shortcode-single-image-1613272c14cf7785953e012041e3e0c9 alignnone  enable-bg-rollover dt-icon-bg-off\" style=\"margin-top:0px; margin-bottom:0px; margin-left:0px; margin-right:0px; width:40px;\"><div class=\"shortcode-single-image\"><div class=\"fancy-media-wrap  layzr-bg\" style=\"\"><img decoding=\"async\" class=\"preload-me lazy-load aspect\" src=\"data:image\/svg+xml,%3Csvg%20xmlns%3D&#39;http%3A%2F%2Fwww.w3.org%2F2000%2Fsvg&#39;%20viewBox%3D&#39;0%200%2040%2040&#39;%2F%3E\" data-src=\"https:\/\/msv1995.de\/wp-content\/uploads\/2022\/11\/0D75C66C-4491-427E-95B3-0E29CC8BE667-40x40.png\" data-srcset=\"https:\/\/msv1995.de\/wp-content\/uploads\/2022\/11\/0D75C66C-4491-427E-95B3-0E29CC8BE667-40x40.png 40w, https:\/\/msv1995.de\/wp-content\/uploads\/2022\/11\/0D75C66C-4491-427E-95B3-0E29CC8BE667-80x80.png 80w\" loading=\"eager\" sizes=\"(max-width: 40px) 100vw, 40px\" width=\"40\" height=\"40\"  data-dt-location=\"https:\/\/msv1995.de\/en\/home\/0d75c66c-4491-427e-95b3-0e29cc8be667\" style=\"--ratio: 40 \/ 40;\" alt=\"\" \/><\/div><\/div><\/div><div class=\"vc_empty_space\"   style=\"height: 32px\"><span class=\"vc_empty_space_inner\"><\/span><\/div><\/div><\/div><\/div><div class=\"wpb_column vc_column_container vc_col-sm-2\"><div class=\"vc_column-inner\"><div class=\"wpb_wrapper\"><style type=\"text\/css\" data-type=\"the7_shortcodes-inline-css\">.shortcode-single-image-wrap.shortcode-single-image-058272fea47b45b319afca331c580409.enable-bg-rollover .rollover i,\n.shortcode-single-image-wrap.shortcode-single-image-058272fea47b45b319afca331c580409.enable-bg-rollover .rollover-video i {\n  background: -webkit-linear-gradient();\n  background: linear-gradient();\n}\n.shortcode-single-image-wrap.shortcode-single-image-058272fea47b45b319afca331c580409 .rollover-icon {\n  font-size: 32px;\n  color: #ffffff;\n  min-width: 44px;\n  min-height: 44px;\n  line-height: 44px;\n  border-radius: 100px;\n  border-style: solid;\n  border-width: 0px;\n}\n.dt-icon-bg-on.shortcode-single-image-wrap.shortcode-single-image-058272fea47b45b319afca331c580409 .rollover-icon {\n  background: rgba(255,255,255,0.3);\n  box-shadow: none;\n}<\/style><div class=\"shortcode-single-image-wrap shortcode-single-image-058272fea47b45b319afca331c580409 alignnone  enable-bg-rollover dt-icon-bg-off\" style=\"margin-top:0px; margin-bottom:0px; margin-left:0px; margin-right:0px; width:40px;\"><div class=\"shortcode-single-image\"><div class=\"fancy-media-wrap  layzr-bg\" style=\"\"><img decoding=\"async\" class=\"preload-me lazy-load aspect\" src=\"data:image\/svg+xml,%3Csvg%20xmlns%3D&#39;http%3A%2F%2Fwww.w3.org%2F2000%2Fsvg&#39;%20viewBox%3D&#39;0%200%2040%2040&#39;%2F%3E\" data-src=\"https:\/\/msv1995.de\/wp-content\/uploads\/2022\/11\/DB58E6F2-3E30-4FBA-96FE-80C15A5B6E33-40x40.png\" data-srcset=\"https:\/\/msv1995.de\/wp-content\/uploads\/2022\/11\/DB58E6F2-3E30-4FBA-96FE-80C15A5B6E33-40x40.png 40w, https:\/\/msv1995.de\/wp-content\/uploads\/2022\/11\/DB58E6F2-3E30-4FBA-96FE-80C15A5B6E33-80x80.png 80w\" loading=\"eager\" sizes=\"(max-width: 40px) 100vw, 40px\" width=\"40\" height=\"40\"  data-dt-location=\"https:\/\/msv1995.de\/en\/home\/db58e6f2-3e30-4fba-96fe-80c15a5b6e33\" style=\"--ratio: 40 \/ 40;\" alt=\"\" \/><\/div><\/div><\/div><div class=\"vc_empty_space\"   style=\"height: 32px\"><span class=\"vc_empty_space_inner\"><\/span><\/div><\/div><\/div><\/div><div class=\"wpb_column vc_column_container vc_col-sm-2\"><div class=\"vc_column-inner\"><div class=\"wpb_wrapper\"><\/div><\/div><\/div><\/div><div class=\"vc_empty_space\"   style=\"height: 32px\"><span class=\"vc_empty_space_inner\"><\/span><\/div><\/div><\/div><\/div><\/div><div class=\"vc_row-full-width vc_clearfix\"><\/div><!-- Row Backgrounds --><div class=\"upb_color\" data-bg-override=\"ex-full\" data-bg-color=\"#a20404\" data-fadeout=\"\" data-fadeout-percentage=\"30\" data-parallax-content=\"\" data-parallax-content-sense=\"30\" data-row-effect-mobile-disable=\"true\" data-img-parallax-mobile-disable=\"true\" data-rtl=\"false\"  data-custom-vc-row=\"\"  data-vc=\"8.7.2\"  data-is_old_vc=\"\"  data-theme-support=\"\"   data-overlay=\"false\" data-overlay-color=\"\" data-overlay-pattern=\"\" data-overlay-pattern-opacity=\"\" data-overlay-pattern-size=\"\"    ><\/div>\n<\/div>","protected":false},"excerpt":{"rendered":"<p>VON DER GR\u00dcNDUNG BIS HEUTE GR\u00dcNDUNG DES MSV HILAL 1995 Der MSV D\u00fcsseldorf 1995 e.V. existiert erst seit 2015 in seiner jetzigen Form. Zuvor wurde 1995 der MSV Hilal gegr\u00fcndet. Der Verein wurde urspr\u00fcnglich von Marokkanern aus der zweiten Generation mit Einwanderungsgeschichte gegr\u00fcndet. Man wollte einen gemeinsamen Ort haben, um sich auszutauschen. Die Idee war&hellip;<\/p>","protected":false},"author":1,"featured_media":0,"parent":0,"menu_order":10,"comment_status":"closed","ping_status":"closed","template":"","meta":{"footnotes":""},"class_list":["post-247","page","type-page","status-publish","hentry","description-off"],"_links":{"self":[{"href":"https:\/\/msv1995.de\/en\/wp-json\/wp\/v2\/pages\/247","targetHints":{"allow":["GET"]}}],"collection":[{"href":"https:\/\/msv1995.de\/en\/wp-json\/wp\/v2\/pages"}],"about":[{"href":"https:\/\/msv1995.de\/en\/wp-json\/wp\/v2\/types\/page"}],"author":[{"embeddable":true,"href":"https:\/\/msv1995.de\/en\/wp-json\/wp\/v2\/users\/1"}],"replies":[{"embeddable":true,"href":"https:\/\/msv1995.de\/en\/wp-json\/wp\/v2\/comments?post=247"}],"version-history":[{"count":66,"href":"https:\/\/msv1995.de\/en\/wp-json\/wp\/v2\/pages\/247\/revisions"}],"predecessor-version":[{"id":3409,"href":"https:\/\/msv1995.de\/en\/wp-json\/wp\/v2\/pages\/247\/revisions\/3409"}],"wp:attachment":[{"href":"https:\/\/msv1995.de\/en\/wp-json\/wp\/v2\/media?parent=247"}],"curies":[{"name":"wp","href":"https:\/\/api.w.org\/{rel}","templated":true}]}}