{"id":3114,"date":"2024-03-10T13:25:30","date_gmt":"2024-03-10T13:25:30","guid":{"rendered":"https:\/\/msv1995.de\/?page_id=3114"},"modified":"2024-07-12T06:56:36","modified_gmt":"2024-07-12T06:56:36","slug":"datenschutz","status":"publish","type":"page","link":"https:\/\/msv1995.de\/en\/datenschutz","title":{"rendered":"Data protection"},"content":{"rendered":"<div class=\"wpb-content-wrapper\"><div class=\"vc_row wpb_row vc_row-fluid\"><div class=\"wpb_column vc_column_container vc_col-sm-12\"><div class=\"vc_column-inner\"><div class=\"wpb_wrapper\"><div id=\"ultimate-heading-435969f1f8b5abad0\" class=\"uvc-heading ult-adjust-bottom-margin ultimate-heading-435969f1f8b5abad0 uvc-4844\" data-hspacer=\"line_with_icon\" data-hline_width=\"auto\" data-hicon_type=\"custom\" data-hborder_style=\"solid\" data-hborder_height=\"3\" data-hborder_color=\"#006630\" data-icon_width=\"48\" data-hfixer=\"20\"  data-halign=\"center\" style=\"text-align:center\"><div class=\"uvc-main-heading ult-responsive\"  data-ultimate-target='.uvc-heading.ultimate-heading-435969f1f8b5abad0 h2'  data-responsive-json-new='{\"font-size\":\"desktop:36px;\",\"line-height\":\"\"}' ><h2 style=\"--font-weight:theme;color:#a20404;margin-bottom:10px;\">Datenschutzerkl\u00e4rung<\/h2><\/div><div class=\"uvc-heading-spacer line_with_icon\" style=\"margin-bottom:60px;\"><div class=\"ult-just-icon-wrapper\"><div class=\"align-icon\" style=\"text-align:center;\">\n<div class=\"aio-icon-img\" style=\"font-size:48px;display:inline-block;\" >\n\t<img decoding=\"async\" class=\"img-icon\" alt=\"null\" src=\"https:\/\/msv1995.de\/wp-content\/uploads\/2022\/11\/CFB9B669-2A61-48D4-9008-98C0C63B1766-e1667346509129.png\"\/>\n<\/div><\/div><\/div><\/div><\/div>\n\t<div class=\"wpb_text_column wpb_content_element\" >\n\t\t<div class=\"wpb_wrapper\">\n\t\t\t<ol>\n<li><strong>Kontaktdaten des Verantwortlichen<\/strong><\/li>\n<\/ol>\n<p>MSV Dusseldorf 1995 e.V.<br \/>\nAm Wehrhahn 41<br \/>\n40211 Dusseldorf<br \/>\nTel.: +49 172 2422302<br \/>\nMail: info@msv-1995.de<\/p>\n<p>Die verantwortliche Stelle entscheidet allein oder gemeinsam mit anderen \u00fcber die Zwecke und Mittel der Verarbeitung von personenbezogenen Daten (z.B. Namen, Kontaktdaten o. \u00c4.).<\/p>\n<ol start=\"2\">\n<li><strong>Erhebung personenbezogener Daten im Rahmen der Nutzung der Webseite<\/strong><\/li>\n<\/ol>\n<p>a) Cookies<\/p>\n<p>Bei der Nutzung unserer Webseite werden Cookies auf Ihrem Rechner gespeichert. Bei Cookies handelt es sich um kleine Textdateien, die auf Ihrer Festplatte dem von Ihnen verwendeten Browser zugeordnet gespeichert werden und durch welche der Stelle, die den Cookie setzt (hier durch uns), bestimmte Informationen zuflie\u00dfen. Cookies k\u00f6nnen keine Programme ausf\u00fchren oder Viren auf Ihren Computer \u00fcbertragen. Sie dienen dazu, das Internetangebot insgesamt nutzer-freundlicher und effektiver zu machen. Unsere Website nutzt hierbei Transiente und Persistente Cookies. Transiente Cookies werden automatisiert gel\u00f6scht, wenn Sie den Browser schlie\u00dfen. Dazu z\u00e4hlen insbesondere die Session-Cookies. Diese speichern eine sogenannte Session-ID, mit welcher sich verschiedene Anfragen Ihres Browsers der gemeinsamen Sitzung zuordnen lassen. Dadurch kann Ihr Rechner wiedererkannt werden, wenn Sie auf unsere Website zur\u00fcckkehren. Die Session-Cookies werden gel\u00f6scht, wenn Sie sich ausloggen oder den Browser schlie\u00dfen. Persistente Cookies werden automatisiert nach einer vorgegebenen Dauer gel\u00f6scht, die sich je nach Cookie unterscheiden kann. Sie k\u00f6nnen die Cookies in den Sicherheitseinstellungen Ihres Browsers jederzeit l\u00f6schen. Sie k\u00f6nnen Ihre Browser-Einstellung entsprechend Ihren W\u00fcnschen konfigurieren und z. B. die Annahme von Third-Party-Cookies oder allen Cookies ablehnen. Wir weisen Sie darauf hin, dass Sie eventuell nicht alle Funktionen dieser Website nutzen k\u00f6nnen.<\/p>\n<p>b) Server-Log-Files<\/p>\n<p>MSV D\u00fcsseldorf 1995 e.V. erhebt Daten \u00fcber jeden Zugriff auf das Angebot (so genannte Server-Log.Files). Zu den Zugriffsdaten geh\u00f6ren: Name der abgerufenen Webseite, Datei, Datum und Uhrzeit des Abrufs, \u00fcbertragene Datenmenge, Meldung \u00fcber erfolgreichen Abruf, Browsertyp nebst Version, das Betriebssystem des Nutzers, Referrer URL (die zuvor besuchte Seite), IP-Adresse und der anfragende Provider. Wir verwenden die Protokolldaten standardm\u00e4\u00dfig nur f\u00fcr statistische Auswertungen zum Zweck des Betriebs, der Sicherheit und der Optimierung des Angebotes.<\/p>\n<p>c) Youtube<\/p>\n<p>Auf einigen unserer Seiten wird auf Videos auf der Plattform YouTube (YouTube, LLC 901 Cherry Ave., 94066 San Bruno, CA, USA, vertreten durch die Google LLC., Amphitheatre Parkway, Mountain View, CA 94043, USA) verlinkt. Das Angebot ist nicht in unseren Webseiten eingebunden, weshalb wir auf die Datenverarbeitung, die mit Anklicken des Links erfolgt, keinen Einfluss haben.<\/p>\n<p>d) Google Maps<\/p>\n<p>Auf einigen unserer Seiten ist ein Routenplaner des Kartendienstes Google Maps des Anbieters Google (Google LLC, 1600 Amphitheatre Parkway, Mountain View, CA 94043, USA) verlinkt. Das Angebot ist nicht in unsere Webseiten eingebunden, weshalb wir auf die Datenverarbeitung, die mit Anklicken des Routenplaners erfolgt, keinen Einfluss haben.<\/p>\n<p>e) Kontaktformular<\/p>\n<p>Im Rahmen Ihrer Kontaktaufnahme mit uns (z.B. per Kontaktformular oder E-Mail) k\u00f6nnen von Ihnen personenbezogene Daten erhoben werden. Im Falle der Erhebung \u00fcber das auf unserer Webseite vorgehaltene Kontaktformular sind die betroffenen Daten aus dem jeweiligen Kontaktformular ersichtlich. Diese Daten werden ausschlie\u00dflich zum Zweck der Beantwortung Ihres Anliegens bzw. f\u00fcr die Kontaktaufnahme erhoben und von uns verwendet. Die von Ihnen angegebenen Daten werden von uns gel\u00f6scht, sobald Ihre Kontaktanfrage abschlie\u00dfend beantwortet wurde. Dies ist der Fall, wenn sich aus den Umst\u00e4nden entnehmen l\u00e4sst, dass der betroffene Sachverhalt abschlie\u00dfend gekl\u00e4rt ist und sofern keine gesetzlichen Aufbewahrungspflichten entgegenstehen.<\/p>\n<ol start=\"3\">\n<li><strong>Rechtsgrundlage der Verarbeitung<\/strong><\/li>\n<\/ol>\n<p>Die vorstehenden Verarbeitungen beruhen auf Art. 6 Abs. 1 lit b) DSGVO, soweit sie zur Erf\u00fcllung unserer Pflichten aus dem Nutzungsverh\u00e4ltnis \u00fcber die Nutzung unserer Webseite erfolgen sowie auf Art. 6 Abs. 1 lit f) DSGVO zur Wahrung berechtigter Interessen der Aufrechterhaltung eines attraktiven Internet-Angebotes bzw. der Beantwortung Ihrer Anliegen. Soweit das Setzen von Cookies \u00fcber die Dauer der tats\u00e4chlichen Nutzung unserer Webseite hinaus betroffen ist, beruht die Verarbeitung auf Ihrer Einwilligung gem\u00e4\u00df Art. 6 Abs. 1 lit a) DSGVO.<\/p>\n<ol start=\"4\">\n<li><strong>Empf\u00e4nger<\/strong><\/li>\n<\/ol>\n<p>Die vorbenannten personenbezogenen Daten k\u00f6nnen in bestimmten F\u00e4llen von unseren im Rahmen der Wartung und Aktualisierung der Webseite t\u00e4tig werdenden Dienstleistern eingesehen werden; die IP-Adresse kann m\u00f6glicherweise an Google, LLC. \u00fcbermittelt werden.<\/p>\n<ol start=\"5\">\n<li><strong>Dauer der Datenverarbeitung<\/strong><\/li>\n<\/ol>\n<p>Soweit sich aus vorstehender Ziffer 2 nichts Abweichendes ergibt, speichern wir keine personenbezogenen Daten der Nutzer unserer Webseite \u00fcber die Beendigung der tats\u00e4chlichen Nutzung hinaus.<\/p>\n<ol start=\"6\">\n<li><strong>Export und Verarbeitung der Daten in Staaten au\u00dferhalb des europ\u00e4ischen Wirtschaftsraumes<\/strong><\/li>\n<\/ol>\n<p>Vorbehaltlich der IP-Adresse findet kein Export personenbezogener Daten in Staaten au\u00dferhalb des EWR statt. Google LLC mit Sitz in den USA ist f\u00fcr das Datenschutz\u00fcbereinkommen \u201eEU-US-Privacy Shield\u201c zertifiziert, welches die Einhaltung des in der EU geltenden Datenschutzniveaus gew\u00e4hrleistet.<\/p>\n<ol start=\"7\">\n<li><strong>Erforderlichkeit der Datenerhebung<\/strong><\/li>\n<\/ol>\n<p>Die Erhebung der hier beschriebenen Daten ist weder vertraglich noch gesetzlich vorgeschrieben.<\/p>\n<ol start=\"8\">\n<li><strong>Rechte des Betroffenen<\/strong><\/li>\n<\/ol>\n<p>Sie haben nach der DSGVO folgende Rechte und Anspr\u00fcche gegen den Verantwortlichen:<\/p>\n<ul>\n<li>das Auskunftsrecht (Art. 15 DSGVO)<\/li>\n<li>das Recht auf Berichtigung (Art. 16 DSGVO)<\/li>\n<li>das Recht auf L\u00f6schung (Art. 17 DSGVO)<\/li>\n<li>das Recht auf Einschr\u00e4nkung der Verarbeitung (Art. 18 DSGVO)<\/li>\n<li>das Recht auf Daten\u00fcbertragung (Art. 20 DSGVO)<\/li>\n<\/ul>\n<ol start=\"9\">\n<li><strong>Erteilte Einwilligungen<\/strong><\/li>\n<\/ol>\n<p>Sie k\u00f6nnen eine ggf. erteilte Einwilligung zur Datenverarbeitung jederzeit ganz oder teilweise mit Wirkung f\u00fcr die Zukunft widerrufen. Der Widerruf ber\u00fchrt die bis zum Widerruf erfolgte Rechtm\u00e4\u00dfigkeit der Verarbeitung der personenbezogenen Daten nicht.<\/p>\n<ol start=\"10\">\n<li><strong>Widerspruchsrecht des Betroffenen gem\u00e4\u00df Art. 21 DSGVO<\/strong><\/li>\n<\/ol>\n<p>Sie haben hat nach Art. 21 DSGVO das Recht, aus Gr\u00fcnden, die sich aus ihrer besonderen Situation ergeben, jederzeit gegen die Verarbeitung Sie betreffender personenbezogener Daten, die aufgrund von Artikel 6 Absatz 1 lit f) DSGVO erfolgt, Widerspruch mit Wirkung f\u00fcr die Zukunft einzulegen. Der Widerspruch kann \u2013 soweit nicht in dieser Datenschutzerkl\u00e4rung anders erl\u00e4utert \u2013 per E-Mail an info@msv1995.de\u00a0erfolgen.<\/p>\n<p>Wir verarbeiten Ihre personenbezogenen Daten dann nicht mehr, es sei denn, wir k\u00f6nnen zwingende schutzw\u00fcrdige Gr\u00fcnde f\u00fcr die Verarbeitung nachweisen, die Ihre Interessen, Rechte und Freiheiten \u00fcberwiegen oder die Verarbeitung der Geltendmachung, Aus\u00fcbung oder Verteidigung von Rechtsanspr\u00fcchen dienen.<\/p>\n<p>Ebenso k\u00f6nnen Sie der Verarbeitung zu Zwecken der Direktwerbung jederzeit mit Wirkung f\u00fcr die Zukunft widersprechen.<\/p>\n<ol start=\"11\">\n<li><strong>Beschwerderecht bei einer Aufsichtsbeh\u00f6rde<\/strong><\/li>\n<\/ol>\n<p>Sie haben hat das Recht auf Beschwerde bei einer Aufsichtsbeh\u00f6rde nach Art. 77 DSGVO. Danach kann sich jede betroffene Person unbeschadet eines anderweitigen verwaltungsrechtlichen oder gerichtlichen Rechtsbehelfs bei einer Aufsichtsbeh\u00f6rde, insbesondere in dem Mitgliedstaat ihres Aufenthaltsorts, ihres Arbeitsplatzes oder des Orts des mutma\u00dflichen Versto\u00dfes beschweren, wenn die betroffene Person der Ansicht ist, dass die Verarbeitung der sie betreffenden personenbezogenen Daten gegen die DSGVO verst\u00f6\u00dft.<\/p>\n<p>F\u00fcr MSV D\u00fcsseldorf 1995 e.V. ist folgende Datenschutz-Aufsichtsbeh\u00f6rde zust\u00e4ndig:<br \/>\nDer Landesbeauftragte f\u00fcr Datenschutz und Informationsfreiheit Nordrhein-Westfalen, Kavalleriestra\u00dfe 2-4, 40213 D\u00fcsseldorf, Telefon 0211-384240, E-Mail poststelle@ldi.nrw.de<\/p>\n<p>Beschwerdeformular: https:\/\/www.ldi.nrw.de\/system\/files\/media\/document\/file\/beschwerde-zum-datenschutz-2021_081_2.pdf<\/p>\n<p>Sehr gerne k\u00f6nnen Sie uns zu allen genannten Themen oder Fragen kontaktieren. Im pers\u00f6nlichen Gespr\u00e4ch l\u00e4sst sich bekanntlich Vieles besser kl\u00e4ren.<\/p>\n<p>&nbsp;<\/p>\n<p>Ihr MSV D\u00fcsseldorf 1995 e.V.<\/p>\n\n\t\t<\/div>\n\t<\/div>\n<div class=\"vc_empty_space\"   style=\"height: 32px\"><span class=\"vc_empty_space_inner\"><\/span><\/div><\/div><\/div><\/div><\/div><div data-vc-full-width=\"true\" data-vc-full-width-temp=\"true\" data-vc-full-width-init=\"false\" data-vc-stretch-content=\"true\" class=\"vc_row wpb_row vc_row-fluid vc_custom_1667425502235 vc_row-no-padding\"><div class=\"wpb_column vc_column_container vc_col-sm-12\"><div class=\"vc_column-inner\"><div class=\"wpb_wrapper\"><style type=\"text\/css\" data-type=\"the7_shortcodes-inline-css\">.shortcode-single-image-wrap.shortcode-single-image-f54a3b620d04ca47dc1b1b69e0afefe9.enable-bg-rollover .rollover i,\n.shortcode-single-image-wrap.shortcode-single-image-f54a3b620d04ca47dc1b1b69e0afefe9.enable-bg-rollover .rollover-video i {\n  background: -webkit-linear-gradient();\n  background: linear-gradient();\n}\n.shortcode-single-image-wrap.shortcode-single-image-f54a3b620d04ca47dc1b1b69e0afefe9 .rollover-icon {\n  font-size: 32px;\n  color: #ffffff;\n  min-width: 44px;\n  min-height: 44px;\n  line-height: 44px;\n  border-radius: 100px;\n  border-style: solid;\n  border-width: 0px;\n}\n.dt-icon-bg-on.shortcode-single-image-wrap.shortcode-single-image-f54a3b620d04ca47dc1b1b69e0afefe9 .rollover-icon {\n  background: rgba(255,255,255,0.3);\n  box-shadow: none;\n}<\/style><div class=\"shortcode-single-image-wrap shortcode-single-image-f54a3b620d04ca47dc1b1b69e0afefe9 alignnone  enable-bg-rollover dt-icon-bg-off\" style=\"margin-top:0px; margin-bottom:0px; margin-left:0px; margin-right:0px; width:100px;\"><div class=\"shortcode-single-image\"><div class=\"fancy-media-wrap  layzr-bg\" style=\"\"><img decoding=\"async\" class=\"preload-me lazy-load aspect\" src=\"data:image\/svg+xml,%3Csvg%20xmlns%3D&#39;http%3A%2F%2Fwww.w3.org%2F2000%2Fsvg&#39;%20viewBox%3D&#39;0%200%2080%20101&#39;%2F%3E\" data-src=\"https:\/\/msv1995.de\/wp-content\/uploads\/2022\/11\/CFB9B669-2A61-48D4-9008-98C0C63B1766-e1667346509129.png\" data-srcset=\"https:\/\/msv1995.de\/wp-content\/uploads\/2022\/11\/CFB9B669-2A61-48D4-9008-98C0C63B1766-e1667346509129.png 80w\" loading=\"eager\" sizes=\"(max-width: 80px) 100vw, 80px\" width=\"80\" height=\"101\"  data-dt-location=\"https:\/\/msv1995.de\/en\/cfb9b669-2a61-48d4-9008-98c0c63b1766\" style=\"--ratio: 80 \/ 101;\" alt=\"\" \/><\/div><\/div><\/div><div class=\"vc_empty_space\"   style=\"height: 32px\"><span class=\"vc_empty_space_inner\"><\/span><\/div><div class=\"vc_row wpb_row vc_inner vc_row-fluid vc_custom_1667582143207\"><div class=\"wpb_column vc_column_container vc_col-sm-2\"><div class=\"vc_column-inner\"><div class=\"wpb_wrapper\"><\/div><\/div><\/div><div class=\"wpb_column vc_column_container vc_col-sm-2\"><div class=\"vc_column-inner\"><div class=\"wpb_wrapper\"><style type=\"text\/css\" data-type=\"the7_shortcodes-inline-css\">.shortcode-single-image-wrap.shortcode-single-image-ed93347e7679f0d258c84c5d6d7164f7.enable-bg-rollover .rollover i,\n.shortcode-single-image-wrap.shortcode-single-image-ed93347e7679f0d258c84c5d6d7164f7.enable-bg-rollover .rollover-video i {\n  background: -webkit-linear-gradient();\n  background: linear-gradient();\n}\n.shortcode-single-image-wrap.shortcode-single-image-ed93347e7679f0d258c84c5d6d7164f7 .rollover-icon {\n  font-size: 32px;\n  color: #ffffff;\n  min-width: 44px;\n  min-height: 44px;\n  line-height: 44px;\n  border-radius: 100px;\n  border-style: solid;\n  border-width: 0px;\n}\n.dt-icon-bg-on.shortcode-single-image-wrap.shortcode-single-image-ed93347e7679f0d258c84c5d6d7164f7 .rollover-icon {\n  background: rgba(255,255,255,0.3);\n  box-shadow: none;\n}<\/style><div class=\"shortcode-single-image-wrap shortcode-single-image-ed93347e7679f0d258c84c5d6d7164f7 alignnone  enable-bg-rollover dt-icon-bg-off\" style=\"margin-top:0px; margin-bottom:0px; margin-left:0px; margin-right:0px; width:40px;\"><div class=\"shortcode-single-image\"><div class=\"fancy-media-wrap  layzr-bg\" style=\"\"><img decoding=\"async\" class=\"preload-me lazy-load aspect\" src=\"data:image\/svg+xml,%3Csvg%20xmlns%3D&#39;http%3A%2F%2Fwww.w3.org%2F2000%2Fsvg&#39;%20viewBox%3D&#39;0%200%2040%2040&#39;%2F%3E\" data-src=\"https:\/\/msv1995.de\/wp-content\/uploads\/2022\/11\/2E6CF21A-4974-44F3-B4CC-36E98B840647-40x40.png\" data-srcset=\"https:\/\/msv1995.de\/wp-content\/uploads\/2022\/11\/2E6CF21A-4974-44F3-B4CC-36E98B840647-40x40.png 40w, https:\/\/msv1995.de\/wp-content\/uploads\/2022\/11\/2E6CF21A-4974-44F3-B4CC-36E98B840647-80x80.png 80w\" loading=\"eager\" sizes=\"(max-width: 40px) 100vw, 40px\" width=\"40\" height=\"40\"  data-dt-location=\"https:\/\/msv1995.de\/en\/home\/2e6cf21a-4974-44f3-b4cc-36e98b840647\" style=\"--ratio: 40 \/ 40;\" alt=\"\" \/><\/div><\/div><\/div><div class=\"vc_empty_space\"   style=\"height: 32px\"><span class=\"vc_empty_space_inner\"><\/span><\/div><\/div><\/div><\/div><div class=\"wpb_column vc_column_container vc_col-sm-2\"><div class=\"vc_column-inner\"><div class=\"wpb_wrapper\"><style type=\"text\/css\" data-type=\"the7_shortcodes-inline-css\">.shortcode-single-image-wrap.shortcode-single-image-f659a72157004f9b9c48bbb5966a735d.enable-bg-rollover .rollover i,\n.shortcode-single-image-wrap.shortcode-single-image-f659a72157004f9b9c48bbb5966a735d.enable-bg-rollover .rollover-video i {\n  background: -webkit-linear-gradient();\n  background: linear-gradient();\n}\n.shortcode-single-image-wrap.shortcode-single-image-f659a72157004f9b9c48bbb5966a735d .rollover-icon {\n  font-size: 32px;\n  color: #ffffff;\n  min-width: 44px;\n  min-height: 44px;\n  line-height: 44px;\n  border-radius: 100px;\n  border-style: solid;\n  border-width: 0px;\n}\n.dt-icon-bg-on.shortcode-single-image-wrap.shortcode-single-image-f659a72157004f9b9c48bbb5966a735d .rollover-icon {\n  background: rgba(255,255,255,0.3);\n  box-shadow: none;\n}<\/style><div class=\"shortcode-single-image-wrap shortcode-single-image-f659a72157004f9b9c48bbb5966a735d alignnone  enable-bg-rollover dt-icon-bg-off\" style=\"margin-top:0px; margin-bottom:0px; margin-left:0px; margin-right:0px; width:35px;\"><div class=\"shortcode-single-image\"><div class=\"fancy-media-wrap  layzr-bg\" style=\"\"><img decoding=\"async\" class=\"preload-me lazy-load aspect\" src=\"data:image\/svg+xml,%3Csvg%20xmlns%3D&#39;http%3A%2F%2Fwww.w3.org%2F2000%2Fsvg&#39;%20viewBox%3D&#39;0%200%2035%2035&#39;%2F%3E\" data-src=\"https:\/\/msv1995.de\/wp-content\/uploads\/2023\/07\/fd-1-35x35.png\" data-srcset=\"https:\/\/msv1995.de\/wp-content\/uploads\/2023\/07\/fd-1-35x35.png 35w, https:\/\/msv1995.de\/wp-content\/uploads\/2023\/07\/fd-1-70x70.png 70w\" loading=\"eager\" sizes=\"(max-width: 35px) 100vw, 35px\" width=\"35\" height=\"35\"  data-dt-location=\"https:\/\/msv1995.de\/en\/1-mannschaft\/fd\" style=\"--ratio: 35 \/ 35;\" alt=\"\" \/><\/div><\/div><\/div><div class=\"vc_empty_space\"   style=\"height: 32px\"><span class=\"vc_empty_space_inner\"><\/span><\/div><\/div><\/div><\/div><div class=\"wpb_column vc_column_container vc_col-sm-2\"><div class=\"vc_column-inner\"><div class=\"wpb_wrapper\"><style type=\"text\/css\" data-type=\"the7_shortcodes-inline-css\">.shortcode-single-image-wrap.shortcode-single-image-1613272c14cf7785953e012041e3e0c9.enable-bg-rollover .rollover i,\n.shortcode-single-image-wrap.shortcode-single-image-1613272c14cf7785953e012041e3e0c9.enable-bg-rollover .rollover-video i {\n  background: -webkit-linear-gradient();\n  background: linear-gradient();\n}\n.shortcode-single-image-wrap.shortcode-single-image-1613272c14cf7785953e012041e3e0c9 .rollover-icon {\n  font-size: 32px;\n  color: #ffffff;\n  min-width: 44px;\n  min-height: 44px;\n  line-height: 44px;\n  border-radius: 100px;\n  border-style: solid;\n  border-width: 0px;\n}\n.dt-icon-bg-on.shortcode-single-image-wrap.shortcode-single-image-1613272c14cf7785953e012041e3e0c9 .rollover-icon {\n  background: rgba(255,255,255,0.3);\n  box-shadow: none;\n}<\/style><div class=\"shortcode-single-image-wrap shortcode-single-image-1613272c14cf7785953e012041e3e0c9 alignnone  enable-bg-rollover dt-icon-bg-off\" style=\"margin-top:0px; margin-bottom:0px; margin-left:0px; margin-right:0px; width:40px;\"><div class=\"shortcode-single-image\"><div class=\"fancy-media-wrap  layzr-bg\" style=\"\"><img decoding=\"async\" class=\"preload-me lazy-load aspect\" src=\"data:image\/svg+xml,%3Csvg%20xmlns%3D&#39;http%3A%2F%2Fwww.w3.org%2F2000%2Fsvg&#39;%20viewBox%3D&#39;0%200%2040%2040&#39;%2F%3E\" data-src=\"https:\/\/msv1995.de\/wp-content\/uploads\/2022\/11\/0D75C66C-4491-427E-95B3-0E29CC8BE667-40x40.png\" data-srcset=\"https:\/\/msv1995.de\/wp-content\/uploads\/2022\/11\/0D75C66C-4491-427E-95B3-0E29CC8BE667-40x40.png 40w, https:\/\/msv1995.de\/wp-content\/uploads\/2022\/11\/0D75C66C-4491-427E-95B3-0E29CC8BE667-80x80.png 80w\" loading=\"eager\" sizes=\"(max-width: 40px) 100vw, 40px\" width=\"40\" height=\"40\"  data-dt-location=\"https:\/\/msv1995.de\/en\/home\/0d75c66c-4491-427e-95b3-0e29cc8be667\" style=\"--ratio: 40 \/ 40;\" alt=\"\" \/><\/div><\/div><\/div><div class=\"vc_empty_space\"   style=\"height: 32px\"><span class=\"vc_empty_space_inner\"><\/span><\/div><\/div><\/div><\/div><div class=\"wpb_column vc_column_container vc_col-sm-2\"><div class=\"vc_column-inner\"><div class=\"wpb_wrapper\"><style type=\"text\/css\" data-type=\"the7_shortcodes-inline-css\">.shortcode-single-image-wrap.shortcode-single-image-058272fea47b45b319afca331c580409.enable-bg-rollover .rollover i,\n.shortcode-single-image-wrap.shortcode-single-image-058272fea47b45b319afca331c580409.enable-bg-rollover .rollover-video i {\n  background: -webkit-linear-gradient();\n  background: linear-gradient();\n}\n.shortcode-single-image-wrap.shortcode-single-image-058272fea47b45b319afca331c580409 .rollover-icon {\n  font-size: 32px;\n  color: #ffffff;\n  min-width: 44px;\n  min-height: 44px;\n  line-height: 44px;\n  border-radius: 100px;\n  border-style: solid;\n  border-width: 0px;\n}\n.dt-icon-bg-on.shortcode-single-image-wrap.shortcode-single-image-058272fea47b45b319afca331c580409 .rollover-icon {\n  background: rgba(255,255,255,0.3);\n  box-shadow: none;\n}<\/style><div class=\"shortcode-single-image-wrap shortcode-single-image-058272fea47b45b319afca331c580409 alignnone  enable-bg-rollover dt-icon-bg-off\" style=\"margin-top:0px; margin-bottom:0px; margin-left:0px; margin-right:0px; width:40px;\"><div class=\"shortcode-single-image\"><div class=\"fancy-media-wrap  layzr-bg\" style=\"\"><img decoding=\"async\" class=\"preload-me lazy-load aspect\" src=\"data:image\/svg+xml,%3Csvg%20xmlns%3D&#39;http%3A%2F%2Fwww.w3.org%2F2000%2Fsvg&#39;%20viewBox%3D&#39;0%200%2040%2040&#39;%2F%3E\" data-src=\"https:\/\/msv1995.de\/wp-content\/uploads\/2022\/11\/DB58E6F2-3E30-4FBA-96FE-80C15A5B6E33-40x40.png\" data-srcset=\"https:\/\/msv1995.de\/wp-content\/uploads\/2022\/11\/DB58E6F2-3E30-4FBA-96FE-80C15A5B6E33-40x40.png 40w, https:\/\/msv1995.de\/wp-content\/uploads\/2022\/11\/DB58E6F2-3E30-4FBA-96FE-80C15A5B6E33-80x80.png 80w\" loading=\"eager\" sizes=\"(max-width: 40px) 100vw, 40px\" width=\"40\" height=\"40\"  data-dt-location=\"https:\/\/msv1995.de\/en\/home\/db58e6f2-3e30-4fba-96fe-80c15a5b6e33\" style=\"--ratio: 40 \/ 40;\" alt=\"\" \/><\/div><\/div><\/div><div class=\"vc_empty_space\"   style=\"height: 32px\"><span class=\"vc_empty_space_inner\"><\/span><\/div><\/div><\/div><\/div><div class=\"wpb_column vc_column_container vc_col-sm-2\"><div class=\"vc_column-inner\"><div class=\"wpb_wrapper\"><\/div><\/div><\/div><\/div><div class=\"vc_empty_space\"   style=\"height: 32px\"><span class=\"vc_empty_space_inner\"><\/span><\/div><\/div><\/div><\/div><\/div><div class=\"vc_row-full-width vc_clearfix\"><\/div><!-- Row Backgrounds --><div class=\"upb_color\" data-bg-override=\"ex-full\" data-bg-color=\"#a20404\" data-fadeout=\"\" data-fadeout-percentage=\"30\" data-parallax-content=\"\" data-parallax-content-sense=\"30\" data-row-effect-mobile-disable=\"true\" data-img-parallax-mobile-disable=\"true\" data-rtl=\"false\"  data-custom-vc-row=\"\"  data-vc=\"8.7.2\"  data-is_old_vc=\"\"  data-theme-support=\"\"   data-overlay=\"false\" data-overlay-color=\"\" data-overlay-pattern=\"\" data-overlay-pattern-opacity=\"\" data-overlay-pattern-size=\"\"    ><\/div><div class=\"vc_row wpb_row vc_row-fluid\"><div class=\"wpb_column vc_column_container vc_col-sm-12\"><div class=\"vc_column-inner\"><div class=\"wpb_wrapper\">\n\t<div class=\"wpb_text_column wpb_content_element\" >\n\t\t<div class=\"wpb_wrapper\">\n\t\t\t\n\t\t<\/div>\n\t<\/div>\n<\/div><\/div><\/div><\/div>\n<\/div>","protected":false},"excerpt":{"rendered":"<p>Datenschutzerkl\u00e4rung Kontaktdaten des Verantwortlichen MSV D\u00fcsseldorf 1995 e.V. Am Wehrhahn 41 40211 D\u00fcsseldorf Tel.: +49 172 2422302 Mail: info@msv-1995.de Die verantwortliche Stelle entscheidet allein oder gemeinsam mit anderen \u00fcber die Zwecke und Mittel der Verarbeitung von personenbezogenen Daten (z.B. Namen, Kontaktdaten o. \u00c4.). Erhebung personenbezogener Daten im Rahmen der Nutzung der Webseite a) Cookies Bei&hellip;<\/p>","protected":false},"author":1,"featured_media":0,"parent":0,"menu_order":0,"comment_status":"closed","ping_status":"closed","template":"","meta":{"footnotes":""},"class_list":["post-3114","page","type-page","status-publish","hentry","description-off"],"_links":{"self":[{"href":"https:\/\/msv1995.de\/en\/wp-json\/wp\/v2\/pages\/3114","targetHints":{"allow":["GET"]}}],"collection":[{"href":"https:\/\/msv1995.de\/en\/wp-json\/wp\/v2\/pages"}],"about":[{"href":"https:\/\/msv1995.de\/en\/wp-json\/wp\/v2\/types\/page"}],"author":[{"embeddable":true,"href":"https:\/\/msv1995.de\/en\/wp-json\/wp\/v2\/users\/1"}],"replies":[{"embeddable":true,"href":"https:\/\/msv1995.de\/en\/wp-json\/wp\/v2\/comments?post=3114"}],"version-history":[{"count":7,"href":"https:\/\/msv1995.de\/en\/wp-json\/wp\/v2\/pages\/3114\/revisions"}],"predecessor-version":[{"id":3604,"href":"https:\/\/msv1995.de\/en\/wp-json\/wp\/v2\/pages\/3114\/revisions\/3604"}],"wp:attachment":[{"href":"https:\/\/msv1995.de\/en\/wp-json\/wp\/v2\/media?parent=3114"}],"curies":[{"name":"wp","href":"https:\/\/api.w.org\/{rel}","templated":true}]}}