{"id":3117,"date":"2024-03-10T13:39:36","date_gmt":"2024-03-10T13:39:36","guid":{"rendered":"https:\/\/msv1995.de\/?page_id=3117"},"modified":"2024-07-12T06:56:01","modified_gmt":"2024-07-12T06:56:01","slug":"impressum","status":"publish","type":"page","link":"https:\/\/msv1995.de\/en\/impressum","title":{"rendered":"imprint"},"content":{"rendered":"<div class=\"wpb-content-wrapper\"><div class=\"vc_row wpb_row vc_row-fluid\"><div class=\"wpb_column vc_column_container vc_col-sm-12\"><div class=\"vc_column-inner\"><div class=\"wpb_wrapper\"><div id=\"ultimate-heading-115169f1f8b63dcb4\" class=\"uvc-heading ult-adjust-bottom-margin ultimate-heading-115169f1f8b63dcb4 uvc-9936\" data-hspacer=\"line_with_icon\" data-hline_width=\"auto\" data-hicon_type=\"custom\" data-hborder_style=\"solid\" data-hborder_height=\"3\" data-hborder_color=\"#006630\" data-icon_width=\"48\" data-hfixer=\"20\"  data-halign=\"center\" style=\"text-align:center\"><div class=\"uvc-main-heading ult-responsive\"  data-ultimate-target='.uvc-heading.ultimate-heading-115169f1f8b63dcb4 h2'  data-responsive-json-new='{\"font-size\":\"desktop:36px;\",\"line-height\":\"\"}' ><h2 style=\"--font-weight:theme;color:#a20404;margin-bottom:10px;\">imprint<\/h2><\/div><div class=\"uvc-heading-spacer line_with_icon\" style=\"margin-bottom:60px;\"><div class=\"ult-just-icon-wrapper\"><div class=\"align-icon\" style=\"text-align:center;\">\n<div class=\"aio-icon-img\" style=\"font-size:48px;display:inline-block;\" >\n\t<img decoding=\"async\" class=\"img-icon\" alt=\"null\" src=\"https:\/\/msv1995.de\/wp-content\/uploads\/2022\/11\/CFB9B669-2A61-48D4-9008-98C0C63B1766-e1667346509129.png\"\/>\n<\/div><\/div><\/div><\/div><\/div>\n\t<div class=\"wpb_text_column wpb_content_element\" >\n\t\t<div class=\"wpb_wrapper\">\n\t\t\t<p><strong>Angaben gem\u00e4\u00df \u00a7 5 TMG:<\/strong><br \/>\nMSV Dusseldorf 1995 e.V.<br \/>\nAm Wehrhahn 41<br \/>\n40211 Dusseldorf<br \/>\nTel.: +49 172 2422302<br \/>\nE-Mail: info@msv-1995.de<\/p>\n<p><strong>Vertreten durch gesch\u00e4ftsf\u00fchrenden Vorstand\u00a0gem. \u00a7 26 BGB:<\/strong><\/p>\n<p>Noureddin Mahnin (1. Vorsitzender)<br \/>\nHakim El Ghazali (2. Vorsitzender)<\/p>\n<p><strong>Registereintrag:<\/strong><br \/>\nEintragung im Vereinsregister.<br \/>\nRegistergericht: Amtsgericht D\u00fcsseldorf<br \/>\nRegisternummer: VR 9793<\/p>\n<p><strong>Streitschlichtung:<\/strong><\/p>\n<p>Die Europ\u00e4ische Kommission stellt eine Plattform zur Online-Streitbeilegung (OS) bereit: <a href=\"https:\/\/ec.europa.eu\/consumers\/odr\" target=\"_blank\" rel=\"noopener noreferrer\">https:\/\/ec.europa.eu\/consumers\/odr<\/a><br \/>\nUnsere E-Mail-Adresse finden Sie oben im Impressum.<\/p>\n<p>Wir sind nicht bereit oder verpflichtet, an Streitbeilegungsverfahren vor einer Verbraucherschlichtungsstelle teilzunehmen.<\/p>\n\n\t\t<\/div>\n\t<\/div>\n<div class=\"vc_empty_space\"   style=\"height: 32px\"><span class=\"vc_empty_space_inner\"><\/span><\/div><\/div><\/div><\/div><\/div><div class=\"vc_row wpb_row vc_row-fluid\"><div class=\"wpb_column vc_column_container vc_col-sm-12\"><div class=\"vc_column-inner\"><div class=\"wpb_wrapper\"><div id=\"ultimate-heading-92269f1f8b63eb3b\" class=\"uvc-heading ult-adjust-bottom-margin ultimate-heading-92269f1f8b63eb3b uvc-2199\" data-hspacer=\"line_with_icon\" data-hline_width=\"auto\" data-hicon_type=\"custom\" data-hborder_style=\"solid\" data-hborder_height=\"3\" data-hborder_color=\"#006630\" data-icon_width=\"48\" data-hfixer=\"20\"  data-halign=\"center\" style=\"text-align:center\"><div class=\"uvc-main-heading ult-responsive\"  data-ultimate-target='.uvc-heading.ultimate-heading-92269f1f8b63eb3b h2'  data-responsive-json-new='{\"font-size\":\"desktop:36px;\",\"line-height\":\"\"}' ><h2 style=\"--font-weight:theme;color:#a20404;margin-bottom:10px;\">Haftungsausschluss<\/h2><\/div><div class=\"uvc-heading-spacer line_with_icon\" style=\"margin-bottom:60px;\"><div class=\"ult-just-icon-wrapper\"><div class=\"align-icon\" style=\"text-align:center;\">\n<div class=\"aio-icon-img\" style=\"font-size:48px;display:inline-block;\" >\n\t<img decoding=\"async\" class=\"img-icon\" alt=\"null\" src=\"https:\/\/msv1995.de\/wp-content\/uploads\/2022\/11\/CFB9B669-2A61-48D4-9008-98C0C63B1766-e1667346509129.png\"\/>\n<\/div><\/div><\/div><\/div><\/div>\n\t<div class=\"wpb_text_column wpb_content_element\" >\n\t\t<div class=\"wpb_wrapper\">\n\t\t\t<p><strong>Haftung f\u00fcr Inhalte<\/strong><br \/>\nAls Diensteanbieter sind wir gem\u00e4\u00df \u00a7 7 Abs.1 TMG f\u00fcr eigene Inhalte auf diesen Seiten nach den allgemeinen Gesetzen verantwortlich. Nach \u00a7\u00a7 8 bis 10 TMG sind wir als Diensteanbieter jedoch nicht verpflichtet, \u00fcbermittelte oder gespeicherte fremde Informationen zu \u00fcberwachen oder nach Umst\u00e4nden zu forschen, die auf eine rechtswidrige T\u00e4tigkeit hinweisen. Verpflichtungen zur Entfernung oder Sperrung der Nutzung von Informationen nach den allgemeinen Gesetzen bleiben hiervon unber\u00fchrt. Eine diesbez\u00fcgliche Haftung ist jedoch erst ab dem Zeitpunkt der Kenntnis einer konkreten Rechtsverletzung m\u00f6glich. Bei Bekanntwerden von entsprechenden Rechtsverletzungen werden wir diese Inhalte umgehend entfernen.<\/p>\n<p><strong>Haftung f\u00fcr Links<\/strong><br \/>\nUnser Angebot enth\u00e4lt Links zu externen Webseiten Dritter, auf deren Inhalte wir keinen Einfluss haben. Deshalb k\u00f6nnen wir f\u00fcr diese fremden Inhalte auch keine Gew\u00e4hr \u00fcbernehmen. F\u00fcr die Inhalte der verlinkten Seiten ist stets der jeweilige Anbieter oder Betreiber der Seiten verantwortlich. Die verlinkten Seiten wurden zum Zeitpunkt der Verlinkung auf m\u00f6gliche Rechtsverst\u00f6\u00dfe \u00fcberpr\u00fcft. Rechtswidrige Inhalte waren zum Zeitpunkt der Verlinkung nicht erkennbar. Eine permanente inhaltliche Kontrolle der verlinkten Seiten ist jedoch ohne konkrete Anhaltspunkte einer Rechtsverletzung nicht zumutbar. Bei Bekanntwerden von Rechtsverletzungen werden wir derartige Links umgehend entfernen.<\/p>\n<p><strong>Urheberrecht<\/strong><br \/>\nDie durch die Seitenbetreiber erstellten Inhalte und Werke auf diesen Seiten unterliegen dem deutschen Urheberrecht. Die Vervielf\u00e4ltigung, Bearbeitung, Verbreitung und jede Art der Verwertung au\u00dferhalb der Grenzen des Urheberrechtes bed\u00fcrfen der schriftlichen Zustimmung des jeweiligen Autors bzw. Erstellers. Downloads und Kopien dieser Seite sind nur f\u00fcr den privaten, nicht kommerziellen Gebrauch gestattet. Soweit die Inhalte auf dieser Seite nicht vom Betreiber erstellt wurden, werden die Urheberrechte Dritter beachtet. Insbesondere werden Inhalte Dritter als solche gekennzeichnet. Sollten Sie trotzdem auf eine Urheberrechtsverletzung aufmerksam werden, bitten wir um einen entsprechenden Hinweis. Bei Bekanntwerden von Rechtsverletzungen werden wir derartige Inhalte umgehend entfernen.<\/p>\n\n\t\t<\/div>\n\t<\/div>\n<div class=\"vc_empty_space\"   style=\"height: 32px\"><span class=\"vc_empty_space_inner\"><\/span><\/div><\/div><\/div><\/div><\/div><div data-vc-full-width=\"true\" data-vc-full-width-temp=\"true\" data-vc-full-width-init=\"false\" data-vc-stretch-content=\"true\" class=\"vc_row wpb_row vc_row-fluid vc_custom_1667425502235 vc_row-no-padding\"><div class=\"wpb_column vc_column_container vc_col-sm-12\"><div class=\"vc_column-inner\"><div class=\"wpb_wrapper\"><style type=\"text\/css\" data-type=\"the7_shortcodes-inline-css\">.shortcode-single-image-wrap.shortcode-single-image-f54a3b620d04ca47dc1b1b69e0afefe9.enable-bg-rollover .rollover i,\n.shortcode-single-image-wrap.shortcode-single-image-f54a3b620d04ca47dc1b1b69e0afefe9.enable-bg-rollover .rollover-video i {\n  background: -webkit-linear-gradient();\n  background: linear-gradient();\n}\n.shortcode-single-image-wrap.shortcode-single-image-f54a3b620d04ca47dc1b1b69e0afefe9 .rollover-icon {\n  font-size: 32px;\n  color: #ffffff;\n  min-width: 44px;\n  min-height: 44px;\n  line-height: 44px;\n  border-radius: 100px;\n  border-style: solid;\n  border-width: 0px;\n}\n.dt-icon-bg-on.shortcode-single-image-wrap.shortcode-single-image-f54a3b620d04ca47dc1b1b69e0afefe9 .rollover-icon {\n  background: rgba(255,255,255,0.3);\n  box-shadow: none;\n}<\/style><div class=\"shortcode-single-image-wrap shortcode-single-image-f54a3b620d04ca47dc1b1b69e0afefe9 alignnone  enable-bg-rollover dt-icon-bg-off\" style=\"margin-top:0px; margin-bottom:0px; margin-left:0px; margin-right:0px; width:100px;\"><div class=\"shortcode-single-image\"><div class=\"fancy-media-wrap  layzr-bg\" style=\"\"><img decoding=\"async\" class=\"preload-me lazy-load aspect\" src=\"data:image\/svg+xml,%3Csvg%20xmlns%3D&#39;http%3A%2F%2Fwww.w3.org%2F2000%2Fsvg&#39;%20viewBox%3D&#39;0%200%2080%20101&#39;%2F%3E\" data-src=\"https:\/\/msv1995.de\/wp-content\/uploads\/2022\/11\/CFB9B669-2A61-48D4-9008-98C0C63B1766-e1667346509129.png\" data-srcset=\"https:\/\/msv1995.de\/wp-content\/uploads\/2022\/11\/CFB9B669-2A61-48D4-9008-98C0C63B1766-e1667346509129.png 80w\" loading=\"eager\" sizes=\"(max-width: 80px) 100vw, 80px\" width=\"80\" height=\"101\"  data-dt-location=\"https:\/\/msv1995.de\/en\/cfb9b669-2a61-48d4-9008-98c0c63b1766\" style=\"--ratio: 80 \/ 101;\" alt=\"\" \/><\/div><\/div><\/div><div class=\"vc_empty_space\"   style=\"height: 32px\"><span class=\"vc_empty_space_inner\"><\/span><\/div><div class=\"vc_row wpb_row vc_inner vc_row-fluid vc_custom_1667582143207\"><div class=\"wpb_column vc_column_container vc_col-sm-2\"><div class=\"vc_column-inner\"><div class=\"wpb_wrapper\"><\/div><\/div><\/div><div class=\"wpb_column vc_column_container vc_col-sm-2\"><div class=\"vc_column-inner\"><div class=\"wpb_wrapper\"><style type=\"text\/css\" data-type=\"the7_shortcodes-inline-css\">.shortcode-single-image-wrap.shortcode-single-image-ed93347e7679f0d258c84c5d6d7164f7.enable-bg-rollover .rollover i,\n.shortcode-single-image-wrap.shortcode-single-image-ed93347e7679f0d258c84c5d6d7164f7.enable-bg-rollover .rollover-video i {\n  background: -webkit-linear-gradient();\n  background: linear-gradient();\n}\n.shortcode-single-image-wrap.shortcode-single-image-ed93347e7679f0d258c84c5d6d7164f7 .rollover-icon {\n  font-size: 32px;\n  color: #ffffff;\n  min-width: 44px;\n  min-height: 44px;\n  line-height: 44px;\n  border-radius: 100px;\n  border-style: solid;\n  border-width: 0px;\n}\n.dt-icon-bg-on.shortcode-single-image-wrap.shortcode-single-image-ed93347e7679f0d258c84c5d6d7164f7 .rollover-icon {\n  background: rgba(255,255,255,0.3);\n  box-shadow: none;\n}<\/style><div class=\"shortcode-single-image-wrap shortcode-single-image-ed93347e7679f0d258c84c5d6d7164f7 alignnone  enable-bg-rollover dt-icon-bg-off\" style=\"margin-top:0px; margin-bottom:0px; margin-left:0px; margin-right:0px; width:40px;\"><div class=\"shortcode-single-image\"><div class=\"fancy-media-wrap  layzr-bg\" style=\"\"><img decoding=\"async\" class=\"preload-me lazy-load aspect\" src=\"data:image\/svg+xml,%3Csvg%20xmlns%3D&#39;http%3A%2F%2Fwww.w3.org%2F2000%2Fsvg&#39;%20viewBox%3D&#39;0%200%2040%2040&#39;%2F%3E\" data-src=\"https:\/\/msv1995.de\/wp-content\/uploads\/2022\/11\/2E6CF21A-4974-44F3-B4CC-36E98B840647-40x40.png\" data-srcset=\"https:\/\/msv1995.de\/wp-content\/uploads\/2022\/11\/2E6CF21A-4974-44F3-B4CC-36E98B840647-40x40.png 40w, https:\/\/msv1995.de\/wp-content\/uploads\/2022\/11\/2E6CF21A-4974-44F3-B4CC-36E98B840647-80x80.png 80w\" loading=\"eager\" sizes=\"(max-width: 40px) 100vw, 40px\" width=\"40\" height=\"40\"  data-dt-location=\"https:\/\/msv1995.de\/en\/home\/2e6cf21a-4974-44f3-b4cc-36e98b840647\" style=\"--ratio: 40 \/ 40;\" alt=\"\" \/><\/div><\/div><\/div><div class=\"vc_empty_space\"   style=\"height: 32px\"><span class=\"vc_empty_space_inner\"><\/span><\/div><\/div><\/div><\/div><div class=\"wpb_column vc_column_container vc_col-sm-2\"><div class=\"vc_column-inner\"><div class=\"wpb_wrapper\"><style type=\"text\/css\" data-type=\"the7_shortcodes-inline-css\">.shortcode-single-image-wrap.shortcode-single-image-f659a72157004f9b9c48bbb5966a735d.enable-bg-rollover .rollover i,\n.shortcode-single-image-wrap.shortcode-single-image-f659a72157004f9b9c48bbb5966a735d.enable-bg-rollover .rollover-video i {\n  background: -webkit-linear-gradient();\n  background: linear-gradient();\n}\n.shortcode-single-image-wrap.shortcode-single-image-f659a72157004f9b9c48bbb5966a735d .rollover-icon {\n  font-size: 32px;\n  color: #ffffff;\n  min-width: 44px;\n  min-height: 44px;\n  line-height: 44px;\n  border-radius: 100px;\n  border-style: solid;\n  border-width: 0px;\n}\n.dt-icon-bg-on.shortcode-single-image-wrap.shortcode-single-image-f659a72157004f9b9c48bbb5966a735d .rollover-icon {\n  background: rgba(255,255,255,0.3);\n  box-shadow: none;\n}<\/style><div class=\"shortcode-single-image-wrap shortcode-single-image-f659a72157004f9b9c48bbb5966a735d alignnone  enable-bg-rollover dt-icon-bg-off\" style=\"margin-top:0px; margin-bottom:0px; margin-left:0px; margin-right:0px; width:35px;\"><div class=\"shortcode-single-image\"><div class=\"fancy-media-wrap  layzr-bg\" style=\"\"><img decoding=\"async\" class=\"preload-me lazy-load aspect\" src=\"data:image\/svg+xml,%3Csvg%20xmlns%3D&#39;http%3A%2F%2Fwww.w3.org%2F2000%2Fsvg&#39;%20viewBox%3D&#39;0%200%2035%2035&#39;%2F%3E\" data-src=\"https:\/\/msv1995.de\/wp-content\/uploads\/2023\/07\/fd-1-35x35.png\" data-srcset=\"https:\/\/msv1995.de\/wp-content\/uploads\/2023\/07\/fd-1-35x35.png 35w, https:\/\/msv1995.de\/wp-content\/uploads\/2023\/07\/fd-1-70x70.png 70w\" loading=\"eager\" sizes=\"(max-width: 35px) 100vw, 35px\" width=\"35\" height=\"35\"  data-dt-location=\"https:\/\/msv1995.de\/en\/1-mannschaft\/fd\" style=\"--ratio: 35 \/ 35;\" alt=\"\" \/><\/div><\/div><\/div><div class=\"vc_empty_space\"   style=\"height: 32px\"><span class=\"vc_empty_space_inner\"><\/span><\/div><\/div><\/div><\/div><div class=\"wpb_column vc_column_container vc_col-sm-2\"><div class=\"vc_column-inner\"><div class=\"wpb_wrapper\"><style type=\"text\/css\" data-type=\"the7_shortcodes-inline-css\">.shortcode-single-image-wrap.shortcode-single-image-1613272c14cf7785953e012041e3e0c9.enable-bg-rollover .rollover i,\n.shortcode-single-image-wrap.shortcode-single-image-1613272c14cf7785953e012041e3e0c9.enable-bg-rollover .rollover-video i {\n  background: -webkit-linear-gradient();\n  background: linear-gradient();\n}\n.shortcode-single-image-wrap.shortcode-single-image-1613272c14cf7785953e012041e3e0c9 .rollover-icon {\n  font-size: 32px;\n  color: #ffffff;\n  min-width: 44px;\n  min-height: 44px;\n  line-height: 44px;\n  border-radius: 100px;\n  border-style: solid;\n  border-width: 0px;\n}\n.dt-icon-bg-on.shortcode-single-image-wrap.shortcode-single-image-1613272c14cf7785953e012041e3e0c9 .rollover-icon {\n  background: rgba(255,255,255,0.3);\n  box-shadow: none;\n}<\/style><div class=\"shortcode-single-image-wrap shortcode-single-image-1613272c14cf7785953e012041e3e0c9 alignnone  enable-bg-rollover dt-icon-bg-off\" style=\"margin-top:0px; margin-bottom:0px; margin-left:0px; margin-right:0px; width:40px;\"><div class=\"shortcode-single-image\"><div class=\"fancy-media-wrap  layzr-bg\" style=\"\"><img decoding=\"async\" class=\"preload-me lazy-load aspect\" src=\"data:image\/svg+xml,%3Csvg%20xmlns%3D&#39;http%3A%2F%2Fwww.w3.org%2F2000%2Fsvg&#39;%20viewBox%3D&#39;0%200%2040%2040&#39;%2F%3E\" data-src=\"https:\/\/msv1995.de\/wp-content\/uploads\/2022\/11\/0D75C66C-4491-427E-95B3-0E29CC8BE667-40x40.png\" data-srcset=\"https:\/\/msv1995.de\/wp-content\/uploads\/2022\/11\/0D75C66C-4491-427E-95B3-0E29CC8BE667-40x40.png 40w, https:\/\/msv1995.de\/wp-content\/uploads\/2022\/11\/0D75C66C-4491-427E-95B3-0E29CC8BE667-80x80.png 80w\" loading=\"eager\" sizes=\"(max-width: 40px) 100vw, 40px\" width=\"40\" height=\"40\"  data-dt-location=\"https:\/\/msv1995.de\/en\/home\/0d75c66c-4491-427e-95b3-0e29cc8be667\" style=\"--ratio: 40 \/ 40;\" alt=\"\" \/><\/div><\/div><\/div><div class=\"vc_empty_space\"   style=\"height: 32px\"><span class=\"vc_empty_space_inner\"><\/span><\/div><\/div><\/div><\/div><div class=\"wpb_column vc_column_container vc_col-sm-2\"><div class=\"vc_column-inner\"><div class=\"wpb_wrapper\"><style type=\"text\/css\" data-type=\"the7_shortcodes-inline-css\">.shortcode-single-image-wrap.shortcode-single-image-058272fea47b45b319afca331c580409.enable-bg-rollover .rollover i,\n.shortcode-single-image-wrap.shortcode-single-image-058272fea47b45b319afca331c580409.enable-bg-rollover .rollover-video i {\n  background: -webkit-linear-gradient();\n  background: linear-gradient();\n}\n.shortcode-single-image-wrap.shortcode-single-image-058272fea47b45b319afca331c580409 .rollover-icon {\n  font-size: 32px;\n  color: #ffffff;\n  min-width: 44px;\n  min-height: 44px;\n  line-height: 44px;\n  border-radius: 100px;\n  border-style: solid;\n  border-width: 0px;\n}\n.dt-icon-bg-on.shortcode-single-image-wrap.shortcode-single-image-058272fea47b45b319afca331c580409 .rollover-icon {\n  background: rgba(255,255,255,0.3);\n  box-shadow: none;\n}<\/style><div class=\"shortcode-single-image-wrap shortcode-single-image-058272fea47b45b319afca331c580409 alignnone  enable-bg-rollover dt-icon-bg-off\" style=\"margin-top:0px; margin-bottom:0px; margin-left:0px; margin-right:0px; width:40px;\"><div class=\"shortcode-single-image\"><div class=\"fancy-media-wrap  layzr-bg\" style=\"\"><img decoding=\"async\" class=\"preload-me lazy-load aspect\" src=\"data:image\/svg+xml,%3Csvg%20xmlns%3D&#39;http%3A%2F%2Fwww.w3.org%2F2000%2Fsvg&#39;%20viewBox%3D&#39;0%200%2040%2040&#39;%2F%3E\" data-src=\"https:\/\/msv1995.de\/wp-content\/uploads\/2022\/11\/DB58E6F2-3E30-4FBA-96FE-80C15A5B6E33-40x40.png\" data-srcset=\"https:\/\/msv1995.de\/wp-content\/uploads\/2022\/11\/DB58E6F2-3E30-4FBA-96FE-80C15A5B6E33-40x40.png 40w, https:\/\/msv1995.de\/wp-content\/uploads\/2022\/11\/DB58E6F2-3E30-4FBA-96FE-80C15A5B6E33-80x80.png 80w\" loading=\"eager\" sizes=\"(max-width: 40px) 100vw, 40px\" width=\"40\" height=\"40\"  data-dt-location=\"https:\/\/msv1995.de\/en\/home\/db58e6f2-3e30-4fba-96fe-80c15a5b6e33\" style=\"--ratio: 40 \/ 40;\" alt=\"\" \/><\/div><\/div><\/div><div class=\"vc_empty_space\"   style=\"height: 32px\"><span class=\"vc_empty_space_inner\"><\/span><\/div><\/div><\/div><\/div><div class=\"wpb_column vc_column_container vc_col-sm-2\"><div class=\"vc_column-inner\"><div class=\"wpb_wrapper\"><\/div><\/div><\/div><\/div><div class=\"vc_empty_space\"   style=\"height: 32px\"><span class=\"vc_empty_space_inner\"><\/span><\/div><\/div><\/div><\/div><\/div><div class=\"vc_row-full-width vc_clearfix\"><\/div><!-- Row Backgrounds --><div class=\"upb_color\" data-bg-override=\"ex-full\" data-bg-color=\"#a20404\" data-fadeout=\"\" data-fadeout-percentage=\"30\" data-parallax-content=\"\" data-parallax-content-sense=\"30\" data-row-effect-mobile-disable=\"true\" data-img-parallax-mobile-disable=\"true\" data-rtl=\"false\"  data-custom-vc-row=\"\"  data-vc=\"8.7.2\"  data-is_old_vc=\"\"  data-theme-support=\"\"   data-overlay=\"false\" data-overlay-color=\"\" data-overlay-pattern=\"\" data-overlay-pattern-opacity=\"\" data-overlay-pattern-size=\"\"    ><\/div>\n<\/div>","protected":false},"excerpt":{"rendered":"<p>Impressum Angaben gem\u00e4\u00df \u00a7 5 TMG: MSV D\u00fcsseldorf 1995 e.V. Am Wehrhahn 41 40211 D\u00fcsseldorf Tel.: +49 172 2422302 E-Mail: info@msv-1995.de Vertreten durch gesch\u00e4ftsf\u00fchrenden Vorstand\u00a0gem. \u00a7 26 BGB: Noureddin Mahnin (1. Vorsitzender) Hakim El Ghazali (2. Vorsitzender) Registereintrag: Eintragung im Vereinsregister. Registergericht: Amtsgericht D\u00fcsseldorf Registernummer: VR 9793 Streitschlichtung: Die Europ\u00e4ische Kommission stellt eine Plattform zur&hellip;<\/p>","protected":false},"author":1,"featured_media":0,"parent":0,"menu_order":0,"comment_status":"closed","ping_status":"closed","template":"","meta":{"footnotes":""},"class_list":["post-3117","page","type-page","status-publish","hentry","description-off"],"_links":{"self":[{"href":"https:\/\/msv1995.de\/en\/wp-json\/wp\/v2\/pages\/3117","targetHints":{"allow":["GET"]}}],"collection":[{"href":"https:\/\/msv1995.de\/en\/wp-json\/wp\/v2\/pages"}],"about":[{"href":"https:\/\/msv1995.de\/en\/wp-json\/wp\/v2\/types\/page"}],"author":[{"embeddable":true,"href":"https:\/\/msv1995.de\/en\/wp-json\/wp\/v2\/users\/1"}],"replies":[{"embeddable":true,"href":"https:\/\/msv1995.de\/en\/wp-json\/wp\/v2\/comments?post=3117"}],"version-history":[{"count":9,"href":"https:\/\/msv1995.de\/en\/wp-json\/wp\/v2\/pages\/3117\/revisions"}],"predecessor-version":[{"id":3603,"href":"https:\/\/msv1995.de\/en\/wp-json\/wp\/v2\/pages\/3117\/revisions\/3603"}],"wp:attachment":[{"href":"https:\/\/msv1995.de\/en\/wp-json\/wp\/v2\/media?parent=3117"}],"curies":[{"name":"wp","href":"https:\/\/api.w.org\/{rel}","templated":true}]}}