{"id":3349,"date":"2024-07-09T21:22:16","date_gmt":"2024-07-09T21:22:16","guid":{"rendered":"https:\/\/msv1995.de\/?page_id=3349"},"modified":"2026-02-05T14:40:32","modified_gmt":"2026-02-05T14:40:32","slug":"mitgliedschaft","status":"publish","type":"page","link":"https:\/\/msv1995.de\/en\/mitgliedschaft","title":{"rendered":"Membership"},"content":{"rendered":"<div class=\"wpb-content-wrapper\"><div data-vc-full-width=\"true\" data-vc-full-width-temp=\"true\" data-vc-full-width-init=\"false\" data-vc-stretch-content=\"true\" class=\"vc_row wpb_row vc_row-fluid vc_custom_1720610693155\"><div class=\"wpb_column vc_column_container vc_col-sm-12\"><div class=\"vc_column-inner\"><div class=\"wpb_wrapper\"><div id=\"ultimate-heading-435169f262cb35fb3\" class=\"uvc-heading ult-adjust-bottom-margin ultimate-heading-435169f262cb35fb3 uvc-5725\" data-hspacer=\"line_with_icon\" data-hline_width=\"auto\" data-hicon_type=\"custom\" data-hborder_style=\"solid\" data-hborder_height=\"3\" data-hborder_color=\"#006630\" data-icon_width=\"48\" data-hfixer=\"20\"  data-halign=\"center\" style=\"text-align:center\"><div class=\"uvc-main-heading ult-responsive\"  data-ultimate-target='.uvc-heading.ultimate-heading-435169f262cb35fb3 h2'  data-responsive-json-new='{\"font-size\":\"desktop:36px;\",\"line-height\":\"\"}' ><h2 style=\"--font-weight:theme;color:#a20404;margin-bottom:10px;\">Membership<\/h2><\/div><div class=\"uvc-heading-spacer line_with_icon\" style=\"margin-bottom:60px;\"><div class=\"ult-just-icon-wrapper\"><div class=\"align-icon\" style=\"text-align:center;\">\n<div class=\"aio-icon-img\" style=\"font-size:48px;display:inline-block;\" >\n\t<img decoding=\"async\" class=\"img-icon\" alt=\"null\" src=\"https:\/\/msv1995.de\/wp-content\/uploads\/2022\/11\/CFB9B669-2A61-48D4-9008-98C0C63B1766-e1667346509129.png\"\/>\n<\/div><\/div><\/div><\/div><div class=\"uvc-sub-heading ult-responsive\"  data-ultimate-target='.uvc-heading.ultimate-heading-435169f262cb35fb3 .uvc-sub-heading '  data-responsive-json-new='{\"font-size\":\"\",\"line-height\":\"\"}'  style=\"font-weight:normal;\"><\/p>\n<p style=\"text-align: center;\">You like MSV D\u00fcsseldorf 1995 and would like to become a member of our club!<\/p>\n<p><\/div><\/div><div class=\"vc_empty_space\"   style=\"height: 64px\"><span class=\"vc_empty_space_inner\"><\/span><\/div><\/div><\/div><\/div><\/div><div class=\"vc_row-full-width vc_clearfix\"><\/div><!-- Row Backgrounds --><div class=\"upb_color\" data-bg-override=\"ex-full\" data-bg-color=\"#ffffff\" data-fadeout=\"\" data-fadeout-percentage=\"30\" data-parallax-content=\"\" data-parallax-content-sense=\"30\" data-row-effect-mobile-disable=\"true\" data-img-parallax-mobile-disable=\"true\" data-rtl=\"false\"  data-custom-vc-row=\"\"  data-vc=\"8.7.2\"  data-is_old_vc=\"\"  data-theme-support=\"\"   data-overlay=\"false\" data-overlay-color=\"\" data-overlay-pattern=\"\" data-overlay-pattern-opacity=\"\" data-overlay-pattern-size=\"\"    ><\/div><div class=\"vc_row wpb_row vc_row-fluid\"><div class=\"wpb_column vc_column_container vc_col-sm-6\"><div class=\"vc_column-inner\"><div class=\"wpb_wrapper\"><div id=\"ultimate-heading-708069f262cb37310\" class=\"uvc-heading ult-adjust-bottom-margin ultimate-heading-708069f262cb37310 uvc-7573  uvc-heading-default-font-sizes\" data-hspacer=\"line_only\"  data-halign=\"center\" style=\"text-align:center\"><div class=\"uvc-main-heading ult-responsive\"  data-ultimate-target='.uvc-heading.ultimate-heading-708069f262cb37310 h4'  data-responsive-json-new='{\"font-size\":\"\",\"line-height\":\"\"}' ><h4 style=\"--font-weight:theme;\">MEMBERSHIP APPLICATIONS<\/h4><\/div><div class=\"uvc-heading-spacer line_only\" style=\"topheight:1px;\"><span class=\"uvc-headings-line\" style=\"border-style:solid;border-bottom-width:1px;border-color:#066030;width:800px;\"><\/span><\/div><\/div><div class=\"vc_empty_space\"   style=\"height: 32px\"><span class=\"vc_empty_space_inner\"><\/span><\/div>\n\t<div class=\"wpb_text_column wpb_content_element\" >\n\t\t<div class=\"wpb_wrapper\">\n\t\t\t<p>The general membership application is for all adults who wish to join and support MSV D\u00fcsseldorf as a member.<\/p>\n\n\t\t<\/div>\n\t<\/div>\n<div class=\"vc_empty_space\"   style=\"height: 16px\"><span class=\"vc_empty_space_inner\"><\/span><\/div><style type=\"text\/css\" data-type=\"the7_shortcodes-inline-css\">#default-btn-1d6a56a2653c8b1dce66c1e0277c6011.ico-right-side > i {\n  margin-right: 0px;\n  margin-left: 8px;\n}\n#default-btn-1d6a56a2653c8b1dce66c1e0277c6011 > i {\n  margin-right: 8px;\n}<\/style><div class=\"btn-align-center\"><a href=\"https:\/\/msv1995.de\/wp-content\/uploads\/2025\/11\/MSV_Dus_Anmeldung_2025.pdf\" class=\"default-btn-shortcode dt-btn dt-btn-s link-hover-off\" target=\"_blank\" id=\"default-btn-1d6a56a2653c8b1dce66c1e0277c6011\" rel=\"noopener\"><span>general membership application<\/span><\/a><\/div><div class=\"vc_empty_space\"   style=\"height: 48px\"><span class=\"vc_empty_space_inner\"><\/span><\/div>\n\t<div class=\"wpb_text_column wpb_content_element\" >\n\t\t<div class=\"wpb_wrapper\">\n\t\t\t<p>The youth membership application is aimed at parents of children and young people who wish to register their child as a member of MSV D\u00fcsseldorf.<\/p>\n\n\t\t<\/div>\n\t<\/div>\n<div class=\"vc_empty_space\"   style=\"height: 16px\"><span class=\"vc_empty_space_inner\"><\/span><\/div><style type=\"text\/css\" data-type=\"the7_shortcodes-inline-css\">#default-btn-aabf5341b461849a0288c9664aca54fd.ico-right-side > i {\n  margin-right: 0px;\n  margin-left: 8px;\n}\n#default-btn-aabf5341b461849a0288c9664aca54fd > i {\n  margin-right: 8px;\n}<\/style><div class=\"btn-align-center\"><a href=\"https:\/\/msv1995.de\/wp-content\/uploads\/2026\/02\/Beitrittserklaerung_MSV-2025-07.pdf\" class=\"default-btn-shortcode dt-btn dt-btn-s link-hover-off\" target=\"_blank\" id=\"default-btn-aabf5341b461849a0288c9664aca54fd\" rel=\"noopener\"><span>youth membership application<\/span><\/a><\/div><div class=\"vc_empty_space\"   style=\"height: 48px\"><span class=\"vc_empty_space_inner\"><\/span><\/div><\/div><\/div><\/div><div class=\"wpb_column vc_column_container vc_col-sm-6\"><div class=\"vc_column-inner\"><div class=\"wpb_wrapper\"><div id=\"ultimate-heading-80869f262cb3788b\" class=\"uvc-heading ult-adjust-bottom-margin ultimate-heading-80869f262cb3788b uvc-3139  uvc-heading-default-font-sizes\" data-hspacer=\"line_only\"  data-halign=\"center\" style=\"text-align:center\"><div class=\"uvc-main-heading ult-responsive\"  data-ultimate-target='.uvc-heading.ultimate-heading-80869f262cb3788b h4'  data-responsive-json-new='{\"font-size\":\"\",\"line-height\":\"\"}' ><h4 style=\"--font-weight:theme;\">CONTRIBUTION SCALE<\/h4><\/div><div class=\"uvc-heading-spacer line_only\" style=\"topheight:1px;\"><span class=\"uvc-headings-line\" style=\"border-style:solid;border-bottom-width:1px;border-color:#066030;width:800px;\"><\/span><\/div><\/div><div class=\"vc_empty_space\"   style=\"height: 32px\"><span class=\"vc_empty_space_inner\"><\/span><\/div>\n\t<div class=\"wpb_text_column wpb_content_element\" >\n\t\t<div class=\"wpb_wrapper\">\n\t\t\t<ul>\n<li>Aktives Mitglied (Teilnahme am Trainingsbetrieb): 150 \u20ac pro Person pro Jahr<\/li>\n<li>Passives Mitglied (keine Teilnahme am Trainingsbetrieb): 100 \u20ac pro Person pro Jahr<\/li>\n<li>Familienbeitrag: 150 \u20ac f\u00fcr erstes Kind + 100 \u20ac je weiteres Kind<\/li>\n<li>Passgeb\u00fchren bei Beitritt: 40\u20ac einmalig<\/li>\n<\/ul>\n<p>Einigen Vereinsmitgliedern haben Anspruch auf eine Erstattung des Mitgliedsbeitrags im Rahmen von Bildung und Teilhabe (BuT). Der Beitrag wird auch in diesem Fall von dem Verein per Lastschrift eingezogen, aber sie k\u00f6nnen sich den Beitrag im Nachgang zur\u00fcckerstatten lassen. Bei Fragen gerne an die zust\u00e4ndigen Jugendkoordinatoren wenden.<\/p>\n\n\t\t<\/div>\n\t<\/div>\n<div class=\"vc_empty_space\"   style=\"height: 32px\"><span class=\"vc_empty_space_inner\"><\/span><\/div><\/div><\/div><\/div><\/div><div data-vc-full-width=\"true\" data-vc-full-width-temp=\"true\" data-vc-full-width-init=\"false\" data-vc-stretch-content=\"true\" class=\"vc_row wpb_row vc_row-fluid vc_custom_1667425502235 vc_row-no-padding\"><div class=\"wpb_column vc_column_container vc_col-sm-12\"><div class=\"vc_column-inner\"><div class=\"wpb_wrapper\"><style type=\"text\/css\" data-type=\"the7_shortcodes-inline-css\">.shortcode-single-image-wrap.shortcode-single-image-f54a3b620d04ca47dc1b1b69e0afefe9.enable-bg-rollover .rollover i,\n.shortcode-single-image-wrap.shortcode-single-image-f54a3b620d04ca47dc1b1b69e0afefe9.enable-bg-rollover .rollover-video i {\n  background: -webkit-linear-gradient();\n  background: linear-gradient();\n}\n.shortcode-single-image-wrap.shortcode-single-image-f54a3b620d04ca47dc1b1b69e0afefe9 .rollover-icon {\n  font-size: 32px;\n  color: #ffffff;\n  min-width: 44px;\n  min-height: 44px;\n  line-height: 44px;\n  border-radius: 100px;\n  border-style: solid;\n  border-width: 0px;\n}\n.dt-icon-bg-on.shortcode-single-image-wrap.shortcode-single-image-f54a3b620d04ca47dc1b1b69e0afefe9 .rollover-icon {\n  background: rgba(255,255,255,0.3);\n  box-shadow: none;\n}<\/style><div class=\"shortcode-single-image-wrap shortcode-single-image-f54a3b620d04ca47dc1b1b69e0afefe9 alignnone  enable-bg-rollover dt-icon-bg-off\" style=\"margin-top:0px; margin-bottom:0px; margin-left:0px; margin-right:0px; width:100px;\"><div class=\"shortcode-single-image\"><div class=\"fancy-media-wrap  layzr-bg\" style=\"\"><img decoding=\"async\" class=\"preload-me lazy-load aspect\" src=\"data:image\/svg+xml,%3Csvg%20xmlns%3D&#39;http%3A%2F%2Fwww.w3.org%2F2000%2Fsvg&#39;%20viewBox%3D&#39;0%200%2080%20101&#39;%2F%3E\" data-src=\"https:\/\/msv1995.de\/wp-content\/uploads\/2022\/11\/CFB9B669-2A61-48D4-9008-98C0C63B1766-e1667346509129.png\" data-srcset=\"https:\/\/msv1995.de\/wp-content\/uploads\/2022\/11\/CFB9B669-2A61-48D4-9008-98C0C63B1766-e1667346509129.png 80w\" loading=\"eager\" sizes=\"(max-width: 80px) 100vw, 80px\" width=\"80\" height=\"101\"  data-dt-location=\"https:\/\/msv1995.de\/en\/cfb9b669-2a61-48d4-9008-98c0c63b1766\" style=\"--ratio: 80 \/ 101;\" alt=\"\" \/><\/div><\/div><\/div><div class=\"vc_empty_space\"   style=\"height: 32px\"><span class=\"vc_empty_space_inner\"><\/span><\/div><div class=\"vc_row wpb_row vc_inner vc_row-fluid vc_custom_1667582143207\"><div class=\"wpb_column vc_column_container vc_col-sm-2\"><div class=\"vc_column-inner\"><div class=\"wpb_wrapper\"><\/div><\/div><\/div><div class=\"wpb_column vc_column_container vc_col-sm-2\"><div class=\"vc_column-inner\"><div class=\"wpb_wrapper\"><style type=\"text\/css\" data-type=\"the7_shortcodes-inline-css\">.shortcode-single-image-wrap.shortcode-single-image-ed93347e7679f0d258c84c5d6d7164f7.enable-bg-rollover .rollover i,\n.shortcode-single-image-wrap.shortcode-single-image-ed93347e7679f0d258c84c5d6d7164f7.enable-bg-rollover .rollover-video i {\n  background: -webkit-linear-gradient();\n  background: linear-gradient();\n}\n.shortcode-single-image-wrap.shortcode-single-image-ed93347e7679f0d258c84c5d6d7164f7 .rollover-icon {\n  font-size: 32px;\n  color: #ffffff;\n  min-width: 44px;\n  min-height: 44px;\n  line-height: 44px;\n  border-radius: 100px;\n  border-style: solid;\n  border-width: 0px;\n}\n.dt-icon-bg-on.shortcode-single-image-wrap.shortcode-single-image-ed93347e7679f0d258c84c5d6d7164f7 .rollover-icon {\n  background: rgba(255,255,255,0.3);\n  box-shadow: none;\n}<\/style><div class=\"shortcode-single-image-wrap shortcode-single-image-ed93347e7679f0d258c84c5d6d7164f7 alignnone  enable-bg-rollover dt-icon-bg-off\" style=\"margin-top:0px; margin-bottom:0px; margin-left:0px; margin-right:0px; width:40px;\"><div class=\"shortcode-single-image\"><div class=\"fancy-media-wrap  layzr-bg\" style=\"\"><img decoding=\"async\" class=\"preload-me lazy-load aspect\" src=\"data:image\/svg+xml,%3Csvg%20xmlns%3D&#39;http%3A%2F%2Fwww.w3.org%2F2000%2Fsvg&#39;%20viewBox%3D&#39;0%200%2040%2040&#39;%2F%3E\" data-src=\"https:\/\/msv1995.de\/wp-content\/uploads\/2022\/11\/2E6CF21A-4974-44F3-B4CC-36E98B840647-40x40.png\" data-srcset=\"https:\/\/msv1995.de\/wp-content\/uploads\/2022\/11\/2E6CF21A-4974-44F3-B4CC-36E98B840647-40x40.png 40w, https:\/\/msv1995.de\/wp-content\/uploads\/2022\/11\/2E6CF21A-4974-44F3-B4CC-36E98B840647-80x80.png 80w\" loading=\"eager\" sizes=\"(max-width: 40px) 100vw, 40px\" width=\"40\" height=\"40\"  data-dt-location=\"https:\/\/msv1995.de\/en\/home\/2e6cf21a-4974-44f3-b4cc-36e98b840647\" style=\"--ratio: 40 \/ 40;\" alt=\"\" \/><\/div><\/div><\/div><div class=\"vc_empty_space\"   style=\"height: 32px\"><span class=\"vc_empty_space_inner\"><\/span><\/div><\/div><\/div><\/div><div class=\"wpb_column vc_column_container vc_col-sm-2\"><div class=\"vc_column-inner\"><div class=\"wpb_wrapper\"><style type=\"text\/css\" data-type=\"the7_shortcodes-inline-css\">.shortcode-single-image-wrap.shortcode-single-image-1dde3f86ced1f72113359a327f7a4920.enable-bg-rollover .rollover i,\n.shortcode-single-image-wrap.shortcode-single-image-1dde3f86ced1f72113359a327f7a4920.enable-bg-rollover .rollover-video i {\n  background: -webkit-linear-gradient();\n  background: linear-gradient();\n}\n.shortcode-single-image-wrap.shortcode-single-image-1dde3f86ced1f72113359a327f7a4920 .rollover-icon {\n  font-size: 32px;\n  color: #ffffff;\n  min-width: 44px;\n  min-height: 44px;\n  line-height: 44px;\n  border-radius: 100px;\n  border-style: solid;\n  border-width: 0px;\n}\n.dt-icon-bg-on.shortcode-single-image-wrap.shortcode-single-image-1dde3f86ced1f72113359a327f7a4920 .rollover-icon {\n  background: rgba(255,255,255,0.3);\n  box-shadow: none;\n}<\/style><div class=\"shortcode-single-image-wrap shortcode-single-image-1dde3f86ced1f72113359a327f7a4920 alignnone  enable-bg-rollover dt-icon-bg-off\" style=\"margin-top:0px; margin-bottom:0px; margin-left:0px; margin-right:0px; width:40px;\"><div class=\"shortcode-single-image\"><div class=\"fancy-media-wrap  layzr-bg\" style=\"\"><img decoding=\"async\" class=\"preload-me lazy-load aspect\" src=\"data:image\/svg+xml,%3Csvg%20xmlns%3D&#39;http%3A%2F%2Fwww.w3.org%2F2000%2Fsvg&#39;%20viewBox%3D&#39;0%200%2040%2040&#39;%2F%3E\" data-src=\"https:\/\/msv1995.de\/wp-content\/uploads\/2023\/07\/fd-1-40x40.png\" data-srcset=\"https:\/\/msv1995.de\/wp-content\/uploads\/2023\/07\/fd-1-40x40.png 40w, https:\/\/msv1995.de\/wp-content\/uploads\/2023\/07\/fd-1-80x80.png 80w\" loading=\"eager\" sizes=\"(max-width: 40px) 100vw, 40px\" width=\"40\" height=\"40\"  data-dt-location=\"https:\/\/msv1995.de\/en\/1-mannschaft\/fd\" style=\"--ratio: 40 \/ 40;\" alt=\"\" \/><\/div><\/div><\/div><div class=\"vc_empty_space\"   style=\"height: 32px\"><span class=\"vc_empty_space_inner\"><\/span><\/div><\/div><\/div><\/div><div class=\"wpb_column vc_column_container vc_col-sm-2\"><div class=\"vc_column-inner\"><div class=\"wpb_wrapper\"><style type=\"text\/css\" data-type=\"the7_shortcodes-inline-css\">.shortcode-single-image-wrap.shortcode-single-image-1613272c14cf7785953e012041e3e0c9.enable-bg-rollover .rollover i,\n.shortcode-single-image-wrap.shortcode-single-image-1613272c14cf7785953e012041e3e0c9.enable-bg-rollover .rollover-video i {\n  background: -webkit-linear-gradient();\n  background: linear-gradient();\n}\n.shortcode-single-image-wrap.shortcode-single-image-1613272c14cf7785953e012041e3e0c9 .rollover-icon {\n  font-size: 32px;\n  color: #ffffff;\n  min-width: 44px;\n  min-height: 44px;\n  line-height: 44px;\n  border-radius: 100px;\n  border-style: solid;\n  border-width: 0px;\n}\n.dt-icon-bg-on.shortcode-single-image-wrap.shortcode-single-image-1613272c14cf7785953e012041e3e0c9 .rollover-icon {\n  background: rgba(255,255,255,0.3);\n  box-shadow: none;\n}<\/style><div class=\"shortcode-single-image-wrap shortcode-single-image-1613272c14cf7785953e012041e3e0c9 alignnone  enable-bg-rollover dt-icon-bg-off\" style=\"margin-top:0px; margin-bottom:0px; margin-left:0px; margin-right:0px; width:40px;\"><div class=\"shortcode-single-image\"><div class=\"fancy-media-wrap  layzr-bg\" style=\"\"><img decoding=\"async\" class=\"preload-me lazy-load aspect\" src=\"data:image\/svg+xml,%3Csvg%20xmlns%3D&#39;http%3A%2F%2Fwww.w3.org%2F2000%2Fsvg&#39;%20viewBox%3D&#39;0%200%2040%2040&#39;%2F%3E\" data-src=\"https:\/\/msv1995.de\/wp-content\/uploads\/2022\/11\/0D75C66C-4491-427E-95B3-0E29CC8BE667-40x40.png\" data-srcset=\"https:\/\/msv1995.de\/wp-content\/uploads\/2022\/11\/0D75C66C-4491-427E-95B3-0E29CC8BE667-40x40.png 40w, https:\/\/msv1995.de\/wp-content\/uploads\/2022\/11\/0D75C66C-4491-427E-95B3-0E29CC8BE667-80x80.png 80w\" loading=\"eager\" sizes=\"(max-width: 40px) 100vw, 40px\" width=\"40\" height=\"40\"  data-dt-location=\"https:\/\/msv1995.de\/en\/home\/0d75c66c-4491-427e-95b3-0e29cc8be667\" style=\"--ratio: 40 \/ 40;\" alt=\"\" \/><\/div><\/div><\/div><div class=\"vc_empty_space\"   style=\"height: 32px\"><span class=\"vc_empty_space_inner\"><\/span><\/div><\/div><\/div><\/div><div class=\"wpb_column vc_column_container vc_col-sm-2\"><div class=\"vc_column-inner\"><div class=\"wpb_wrapper\"><style type=\"text\/css\" data-type=\"the7_shortcodes-inline-css\">.shortcode-single-image-wrap.shortcode-single-image-058272fea47b45b319afca331c580409.enable-bg-rollover .rollover i,\n.shortcode-single-image-wrap.shortcode-single-image-058272fea47b45b319afca331c580409.enable-bg-rollover .rollover-video i {\n  background: -webkit-linear-gradient();\n  background: linear-gradient();\n}\n.shortcode-single-image-wrap.shortcode-single-image-058272fea47b45b319afca331c580409 .rollover-icon {\n  font-size: 32px;\n  color: #ffffff;\n  min-width: 44px;\n  min-height: 44px;\n  line-height: 44px;\n  border-radius: 100px;\n  border-style: solid;\n  border-width: 0px;\n}\n.dt-icon-bg-on.shortcode-single-image-wrap.shortcode-single-image-058272fea47b45b319afca331c580409 .rollover-icon {\n  background: rgba(255,255,255,0.3);\n  box-shadow: none;\n}<\/style><div class=\"shortcode-single-image-wrap shortcode-single-image-058272fea47b45b319afca331c580409 alignnone  enable-bg-rollover dt-icon-bg-off\" style=\"margin-top:0px; margin-bottom:0px; margin-left:0px; margin-right:0px; width:40px;\"><div class=\"shortcode-single-image\"><div class=\"fancy-media-wrap  layzr-bg\" style=\"\"><img decoding=\"async\" class=\"preload-me lazy-load aspect\" src=\"data:image\/svg+xml,%3Csvg%20xmlns%3D&#39;http%3A%2F%2Fwww.w3.org%2F2000%2Fsvg&#39;%20viewBox%3D&#39;0%200%2040%2040&#39;%2F%3E\" data-src=\"https:\/\/msv1995.de\/wp-content\/uploads\/2022\/11\/DB58E6F2-3E30-4FBA-96FE-80C15A5B6E33-40x40.png\" data-srcset=\"https:\/\/msv1995.de\/wp-content\/uploads\/2022\/11\/DB58E6F2-3E30-4FBA-96FE-80C15A5B6E33-40x40.png 40w, https:\/\/msv1995.de\/wp-content\/uploads\/2022\/11\/DB58E6F2-3E30-4FBA-96FE-80C15A5B6E33-80x80.png 80w\" loading=\"eager\" sizes=\"(max-width: 40px) 100vw, 40px\" width=\"40\" height=\"40\"  data-dt-location=\"https:\/\/msv1995.de\/en\/home\/db58e6f2-3e30-4fba-96fe-80c15a5b6e33\" style=\"--ratio: 40 \/ 40;\" alt=\"\" \/><\/div><\/div><\/div><div class=\"vc_empty_space\"   style=\"height: 32px\"><span class=\"vc_empty_space_inner\"><\/span><\/div><\/div><\/div><\/div><div class=\"wpb_column vc_column_container vc_col-sm-2\"><div class=\"vc_column-inner\"><div class=\"wpb_wrapper\"><\/div><\/div><\/div><\/div><div class=\"vc_empty_space\"   style=\"height: 32px\"><span class=\"vc_empty_space_inner\"><\/span><\/div><\/div><\/div><\/div><\/div><div class=\"vc_row-full-width vc_clearfix\"><\/div><!-- Row Backgrounds --><div class=\"upb_color\" data-bg-override=\"ex-full\" data-bg-color=\"#a20404\" data-fadeout=\"\" data-fadeout-percentage=\"30\" data-parallax-content=\"\" data-parallax-content-sense=\"30\" data-row-effect-mobile-disable=\"true\" data-img-parallax-mobile-disable=\"true\" data-rtl=\"false\"  data-custom-vc-row=\"\"  data-vc=\"8.7.2\"  data-is_old_vc=\"\"  data-theme-support=\"\"   data-overlay=\"false\" data-overlay-color=\"\" data-overlay-pattern=\"\" data-overlay-pattern-opacity=\"\" data-overlay-pattern-size=\"\"    ><\/div>\n<\/div>","protected":false},"excerpt":{"rendered":"<p>Mitgliedschaft Der MSV D\u00fcsseldorf 1995 gef\u00e4llt Ihnen und Sie m\u00f6chten gerne Mitglied in unserem Verein werden! MITGLIEDSANTR\u00c4GE Der allgemeine Mitgliedsantrag ist f\u00fcr alle Erwachsenen, die dem MSV D\u00fcsseldorf als Mitglied beitreten und somit unterst\u00fctzen wollen. Der Jugend-Mitgliedsantrag richtet sich an die Eltern von Kindern und Jugendlichen, die ihr Kind beim MSV D\u00fcsseldorf als Mitglied anmelden&hellip;<\/p>","protected":false},"author":1,"featured_media":0,"parent":0,"menu_order":0,"comment_status":"closed","ping_status":"closed","template":"","meta":{"footnotes":""},"class_list":["post-3349","page","type-page","status-publish","hentry","description-off"],"_links":{"self":[{"href":"https:\/\/msv1995.de\/en\/wp-json\/wp\/v2\/pages\/3349","targetHints":{"allow":["GET"]}}],"collection":[{"href":"https:\/\/msv1995.de\/en\/wp-json\/wp\/v2\/pages"}],"about":[{"href":"https:\/\/msv1995.de\/en\/wp-json\/wp\/v2\/types\/page"}],"author":[{"embeddable":true,"href":"https:\/\/msv1995.de\/en\/wp-json\/wp\/v2\/users\/1"}],"replies":[{"embeddable":true,"href":"https:\/\/msv1995.de\/en\/wp-json\/wp\/v2\/comments?post=3349"}],"version-history":[{"count":36,"href":"https:\/\/msv1995.de\/en\/wp-json\/wp\/v2\/pages\/3349\/revisions"}],"predecessor-version":[{"id":4271,"href":"https:\/\/msv1995.de\/en\/wp-json\/wp\/v2\/pages\/3349\/revisions\/4271"}],"wp:attachment":[{"href":"https:\/\/msv1995.de\/en\/wp-json\/wp\/v2\/media?parent=3349"}],"curies":[{"name":"wp","href":"https:\/\/api.w.org\/{rel}","templated":true}]}}