{"id":3902,"date":"2025-04-04T19:29:46","date_gmt":"2025-04-04T19:29:46","guid":{"rendered":"https:\/\/msv1995.de\/?page_id=3902"},"modified":"2025-11-26T16:00:21","modified_gmt":"2025-11-26T16:00:21","slug":"juniorinnen","status":"publish","type":"page","link":"https:\/\/msv1995.de\/en\/juniorinnen","title":{"rendered":"E-Juniorinnen (U11w)"},"content":{"rendered":"<div class=\"wpb-content-wrapper\"><div class=\"vc_row wpb_row vc_row-fluid\"><div class=\"wpb_column vc_column_container vc_col-sm-12\"><div class=\"vc_column-inner\"><div class=\"wpb_wrapper\"><div id=\"ultimate-heading-180269f1f84556fba\" class=\"uvc-heading ult-adjust-bottom-margin ultimate-heading-180269f1f84556fba uvc-8837\" data-hspacer=\"line_with_icon\" data-hline_width=\"auto\" data-hicon_type=\"custom\" data-hborder_style=\"solid\" data-hborder_height=\"3\" data-hborder_color=\"#006630\" data-icon_width=\"48\" data-hfixer=\"20\"  data-halign=\"center\" style=\"text-align:center\"><div class=\"uvc-main-heading ult-responsive\"  data-ultimate-target='.uvc-heading.ultimate-heading-180269f1f84556fba h2'  data-responsive-json-new='{\"font-size\":\"desktop:36px;\",\"line-height\":\"\"}' ><h2 style=\"--font-weight:theme;color:#a20404;margin-bottom:10px;\">E-Juniorinnen (U11w, Jahrgang 2015\/2016\/2017)<\/h2><\/div><div class=\"uvc-heading-spacer line_with_icon\" style=\"margin-bottom:60px;\"><div class=\"ult-just-icon-wrapper\"><div class=\"align-icon\" style=\"text-align:center;\">\n<div class=\"aio-icon-img\" style=\"font-size:48px;display:inline-block;\" >\n\t<img decoding=\"async\" class=\"img-icon\" alt=\"null\" src=\"https:\/\/msv1995.de\/wp-content\/uploads\/2022\/11\/CFB9B669-2A61-48D4-9008-98C0C63B1766-e1667346509129.png\"\/>\n<\/div><\/div><\/div><\/div><div class=\"uvc-sub-heading ult-responsive\"  data-ultimate-target='.uvc-heading.ultimate-heading-180269f1f84556fba .uvc-sub-heading '  data-responsive-json-new='{\"font-size\":\"\",\"line-height\":\"\"}'  style=\"font-weight:normal;\">Der MSV D\u00fcsseldorf 1995 e.V. freut sich, ein Probetraining speziell f\u00fcr M\u00e4dchen anbieten zu k\u00f6nnen. Mit <strong>Amina Bouaanan<\/strong>\u00a0konnten wir eine engagierte Trainerin f\u00fcr uns gewinnen. Wir suchen die <strong>Jahrg\u00e4nge 2015, 2016 &amp; 2017<\/strong>. Bitte melden Sie sich \u00fcber das Formular zum Training an. Alternativ kontaktieren Sie uns per WhatsApp unter (+49) 173 6216540.<\/p>\n<p>Das Training wird regelm\u00e4\u00dfig <strong>freitags von 16:00-17:00 Uhr<\/strong> stattfinden. Mit dem Training werden wir am Freitag, den <strong>31. Oktober 2025<\/strong> starten. Sollte gen\u00fcgend Interesse bestehen, werden wir dies im n\u00e4chsten Schritt erweitern.<\/div><\/div><\/div><\/div><\/div><\/div><div class=\"vc_row wpb_row vc_row-fluid\"><div class=\"wpb_column vc_column_container vc_col-sm-12\"><div class=\"vc_column-inner\"><div class=\"wpb_wrapper\"><style type=\"text\/css\" data-type=\"the7_shortcodes-inline-css\">.shortcode-single-image-wrap.shortcode-single-image-7599cb2844155ea35a4f51cf8dfbf68e.enable-bg-rollover .rollover i,\n.shortcode-single-image-wrap.shortcode-single-image-7599cb2844155ea35a4f51cf8dfbf68e.enable-bg-rollover .rollover-video i {\n  background: -webkit-linear-gradient();\n  background: linear-gradient();\n}\n.shortcode-single-image-wrap.shortcode-single-image-7599cb2844155ea35a4f51cf8dfbf68e .rollover-icon {\n  font-size: 32px;\n  color: #ffffff;\n  min-width: 44px;\n  min-height: 44px;\n  line-height: 44px;\n  border-radius: 100px;\n  border-style: solid;\n  border-width: 0px;\n}\n.dt-icon-bg-on.shortcode-single-image-wrap.shortcode-single-image-7599cb2844155ea35a4f51cf8dfbf68e .rollover-icon {\n  background: rgba(255,255,255,0.3);\n  box-shadow: none;\n}<\/style><div class=\"shortcode-single-image-wrap shortcode-single-image-7599cb2844155ea35a4f51cf8dfbf68e alignnone  enable-bg-rollover dt-icon-bg-off\" style=\"margin-top:0px; margin-bottom:0px; margin-left:0px; margin-right:0px; width:600px;\"><div class=\"shortcode-single-image\"><div class=\"fancy-media-wrap  layzr-bg\" style=\"\"><img fetchpriority=\"high\" decoding=\"async\" class=\"preload-me lazy-load aspect\" src=\"data:image\/svg+xml,%3Csvg%20xmlns%3D&#39;http%3A%2F%2Fwww.w3.org%2F2000%2Fsvg&#39;%20viewBox%3D&#39;0%200%20600%20400&#39;%2F%3E\" data-src=\"https:\/\/msv1995.de\/wp-content\/uploads\/2025\/07\/platzhaltermannschaft.jpg\" data-srcset=\"https:\/\/msv1995.de\/wp-content\/uploads\/2025\/07\/platzhaltermannschaft.jpg 600w\" loading=\"eager\" sizes=\"(max-width: 600px) 100vw, 600px\" width=\"600\" height=\"400\"  data-dt-location=\"https:\/\/msv1995.de\/en\/platzhaltermannschaft\" style=\"--ratio: 600 \/ 400;\" alt=\"\" \/><\/div><\/div><\/div><div class=\"vc_empty_space\"   style=\"height: 32px\"><span class=\"vc_empty_space_inner\"><\/span><\/div><div id=\"ultimate-heading-452369f1f84558e65\" class=\"uvc-heading ult-adjust-bottom-margin ultimate-heading-452369f1f84558e65 uvc-9003\" data-hspacer=\"line_only\"  data-halign=\"left\" style=\"text-align:left\"><div class=\"uvc-main-heading ult-responsive\"  data-ultimate-target='.uvc-heading.ultimate-heading-452369f1f84558e65 h2'  data-responsive-json-new='{\"font-size\":\"desktop:20px;\",\"line-height\":\"\"}' ><h2 style=\"font-family:&#039;Open Sans&#039;;font-weight:700;\">Coaching staff<\/h2><\/div><div class=\"uvc-heading-spacer line_only\" style=\"topheight:1px;\"><span class=\"uvc-headings-line\" style=\"border-style:solid;border-bottom-width:1px;border-color:#006630;width:autopx;\"><\/span><\/div><\/div><div class=\"vc_empty_space\"   style=\"height: 32px\"><span class=\"vc_empty_space_inner\"><\/span><\/div><div class=\"vc_row wpb_row vc_inner vc_row-fluid\"><div class=\"wpb_column vc_column_container vc_col-sm-6\"><div class=\"vc_column-inner\"><div class=\"wpb_wrapper\"><style type=\"text\/css\" data-type=\"the7_shortcodes-inline-css\">.shortcode-single-image-wrap.shortcode-single-image-d91e80c46a32cdcac50f4f0052df97f6.enable-bg-rollover .rollover i,\n.shortcode-single-image-wrap.shortcode-single-image-d91e80c46a32cdcac50f4f0052df97f6.enable-bg-rollover .rollover-video i {\n  background: -webkit-linear-gradient();\n  background: linear-gradient();\n}\n.shortcode-single-image-wrap.shortcode-single-image-d91e80c46a32cdcac50f4f0052df97f6 .rollover-icon {\n  font-size: 32px;\n  color: #ffffff;\n  min-width: 44px;\n  min-height: 44px;\n  line-height: 44px;\n  border-radius: 100px;\n  border-style: solid;\n  border-width: 0px;\n}\n.dt-icon-bg-on.shortcode-single-image-wrap.shortcode-single-image-d91e80c46a32cdcac50f4f0052df97f6 .rollover-icon {\n  background: rgba(255,255,255,0.3);\n  box-shadow: none;\n}<\/style><div class=\"shortcode-single-image-wrap shortcode-single-image-d91e80c46a32cdcac50f4f0052df97f6 alignnone  enable-bg-rollover dt-icon-bg-off\" style=\"margin-top:0px; margin-bottom:0px; margin-left:0px; margin-right:0px; width:200px;\"><div class=\"shortcode-single-image\"><div class=\"fancy-media-wrap  layzr-bg\" style=\"\"><img decoding=\"async\" class=\"preload-me lazy-load aspect\" src=\"data:image\/svg+xml,%3Csvg%20xmlns%3D&#39;http%3A%2F%2Fwww.w3.org%2F2000%2Fsvg&#39;%20viewBox%3D&#39;0%200%20200%20266&#39;%2F%3E\" data-src=\"https:\/\/msv1995.de\/wp-content\/uploads\/2025\/11\/unknown-200x266.png\" data-srcset=\"https:\/\/msv1995.de\/wp-content\/uploads\/2025\/11\/unknown-200x266.png 200w, https:\/\/msv1995.de\/wp-content\/uploads\/2025\/11\/unknown-400x532.png 400w\" loading=\"eager\" sizes=\"(max-width: 200px) 100vw, 200px\" width=\"200\" height=\"266\"  data-dt-location=\"https:\/\/msv1995.de\/en\/c-junioren\/unknown\" style=\"--ratio: 200 \/ 266;\" alt=\"\" \/><\/div><\/div><\/div><div id=\"ultimate-heading-100669f1f8455a3dc\" class=\"uvc-heading ult-adjust-bottom-margin ultimate-heading-100669f1f8455a3dc uvc-4907\" data-hspacer=\"no_spacer\"  data-halign=\"center\" style=\"text-align:center\"><div class=\"uvc-heading-spacer no_spacer\" style=\"top\"><\/div><div class=\"uvc-main-heading ult-responsive\"  data-ultimate-target='.uvc-heading.ultimate-heading-100669f1f8455a3dc h2'  data-responsive-json-new='{\"font-size\":\"desktop:20px;\",\"line-height\":\"\"}' ><h2 style=\"font-family:&#039;Open Sans&#039;;font-weight:700;\">Amina Bouaanan<\/h2><\/div><div class=\"uvc-sub-heading ult-responsive\"  data-ultimate-target='.uvc-heading.ultimate-heading-100669f1f8455a3dc .uvc-sub-heading '  data-responsive-json-new='{\"font-size\":\"\",\"line-height\":\"\"}'  style=\"font-weight:normal;\">Coach<\/div><\/div><div class=\"vc_empty_space\"   style=\"height: 32px\"><span class=\"vc_empty_space_inner\"><\/span><\/div><\/div><\/div><\/div><div class=\"wpb_column vc_column_container vc_col-sm-6\"><div class=\"vc_column-inner\"><div class=\"wpb_wrapper\"><style type=\"text\/css\" data-type=\"the7_shortcodes-inline-css\">.shortcode-single-image-wrap.shortcode-single-image-0519e45385a7bc5e362e2fd9ad4d9a3f.enable-bg-rollover .rollover i,\n.shortcode-single-image-wrap.shortcode-single-image-0519e45385a7bc5e362e2fd9ad4d9a3f.enable-bg-rollover .rollover-video i {\n  background: -webkit-linear-gradient();\n  background: linear-gradient();\n}\n.shortcode-single-image-wrap.shortcode-single-image-0519e45385a7bc5e362e2fd9ad4d9a3f .rollover-icon {\n  font-size: 32px;\n  color: #ffffff;\n  min-width: 44px;\n  min-height: 44px;\n  line-height: 44px;\n  border-radius: 100px;\n  border-style: solid;\n  border-width: 0px;\n}\n.dt-icon-bg-on.shortcode-single-image-wrap.shortcode-single-image-0519e45385a7bc5e362e2fd9ad4d9a3f .rollover-icon {\n  background: rgba(255,255,255,0.3);\n  box-shadow: none;\n}<\/style><div class=\"shortcode-single-image-wrap shortcode-single-image-0519e45385a7bc5e362e2fd9ad4d9a3f alignnone  enable-bg-rollover dt-icon-bg-off\" style=\"margin-top:0px; margin-bottom:0px; margin-left:0px; margin-right:0px; width:200px;\"><div class=\"shortcode-single-image\"><div class=\"fancy-media-wrap  layzr-bg\" style=\"\"><img decoding=\"async\" class=\"preload-me lazy-load aspect\" src=\"data:image\/svg+xml,%3Csvg%20xmlns%3D&#39;http%3A%2F%2Fwww.w3.org%2F2000%2Fsvg&#39;%20viewBox%3D&#39;0%200%20200%20266&#39;%2F%3E\" data-src=\"https:\/\/msv1995.de\/wp-content\/uploads\/2025\/11\/IMG_4571-200x266.png\" data-srcset=\"https:\/\/msv1995.de\/wp-content\/uploads\/2025\/11\/IMG_4571-200x266.png 200w, https:\/\/msv1995.de\/wp-content\/uploads\/2025\/11\/IMG_4571-400x532.png 400w\" loading=\"eager\" sizes=\"(max-width: 200px) 100vw, 200px\" width=\"200\" height=\"266\"  data-dt-location=\"https:\/\/msv1995.de\/en\/b-junioren\/img_4571\" style=\"--ratio: 200 \/ 266;\" alt=\"\" \/><\/div><\/div><\/div><div id=\"ultimate-heading-77469f1f8455b7b0\" class=\"uvc-heading ult-adjust-bottom-margin ultimate-heading-77469f1f8455b7b0 uvc-8129\" data-hspacer=\"no_spacer\"  data-halign=\"center\" style=\"text-align:center\"><div class=\"uvc-heading-spacer no_spacer\" style=\"top\"><\/div><div class=\"uvc-main-heading ult-responsive\"  data-ultimate-target='.uvc-heading.ultimate-heading-77469f1f8455b7b0 h2'  data-responsive-json-new='{\"font-size\":\"desktop:20px;\",\"line-height\":\"\"}' ><h2 style=\"font-family:&#039;Open Sans&#039;;font-weight:700;\">Julian Lorenz<\/h2><\/div><div class=\"uvc-sub-heading ult-responsive\"  data-ultimate-target='.uvc-heading.ultimate-heading-77469f1f8455b7b0 .uvc-sub-heading '  data-responsive-json-new='{\"font-size\":\"\",\"line-height\":\"\"}'  style=\"font-weight:normal;\">Youth coordinator<\/div><\/div><div class=\"vc_empty_space\"   style=\"height: 32px\"><span class=\"vc_empty_space_inner\"><\/span><\/div><\/div><\/div><\/div><\/div><div id=\"ultimate-heading-804769f1f8455b98d\" class=\"uvc-heading ult-adjust-bottom-margin ultimate-heading-804769f1f8455b98d uvc-2659\" data-hspacer=\"line_only\"  data-halign=\"left\" style=\"text-align:left\"><div class=\"uvc-main-heading ult-responsive\"  data-ultimate-target='.uvc-heading.ultimate-heading-804769f1f8455b98d h2'  data-responsive-json-new='{\"font-size\":\"desktop:20px;\",\"line-height\":\"\"}' ><h2 style=\"font-family:&#039;Open Sans&#039;;font-weight:700;\">Training times<\/h2><\/div><div class=\"uvc-heading-spacer line_only\" style=\"topheight:1px;\"><span class=\"uvc-headings-line\" style=\"border-style:solid;border-bottom-width:1px;border-color:#006630;width:autopx;\"><\/span><\/div><\/div><div class=\"vc_empty_space\"   style=\"height: 32px\"><span class=\"vc_empty_space_inner\"><\/span><\/div>\n\t<div class=\"wpb_text_column wpb_content_element\" >\n\t\t<div class=\"wpb_wrapper\">\n\t\t\t<p>Freitag, 16:00-17:00 Uhr<\/p>\n\n\t\t<\/div>\n\t<\/div>\n<div class=\"vc_empty_space\"   style=\"height: 32px\"><span class=\"vc_empty_space_inner\"><\/span><\/div><\/div><\/div><\/div><\/div><div data-vc-full-width=\"true\" data-vc-full-width-temp=\"true\" data-vc-full-width-init=\"false\" data-vc-stretch-content=\"true\" class=\"vc_row wpb_row vc_row-fluid vc_custom_1667425502235 vc_row-no-padding\"><div class=\"wpb_column vc_column_container vc_col-sm-12\"><div class=\"vc_column-inner\"><div class=\"wpb_wrapper\"><style type=\"text\/css\" data-type=\"the7_shortcodes-inline-css\">.shortcode-single-image-wrap.shortcode-single-image-f54a3b620d04ca47dc1b1b69e0afefe9.enable-bg-rollover .rollover i,\n.shortcode-single-image-wrap.shortcode-single-image-f54a3b620d04ca47dc1b1b69e0afefe9.enable-bg-rollover .rollover-video i {\n  background: -webkit-linear-gradient();\n  background: linear-gradient();\n}\n.shortcode-single-image-wrap.shortcode-single-image-f54a3b620d04ca47dc1b1b69e0afefe9 .rollover-icon {\n  font-size: 32px;\n  color: #ffffff;\n  min-width: 44px;\n  min-height: 44px;\n  line-height: 44px;\n  border-radius: 100px;\n  border-style: solid;\n  border-width: 0px;\n}\n.dt-icon-bg-on.shortcode-single-image-wrap.shortcode-single-image-f54a3b620d04ca47dc1b1b69e0afefe9 .rollover-icon {\n  background: rgba(255,255,255,0.3);\n  box-shadow: none;\n}<\/style><div class=\"shortcode-single-image-wrap shortcode-single-image-f54a3b620d04ca47dc1b1b69e0afefe9 alignnone  enable-bg-rollover dt-icon-bg-off\" style=\"margin-top:0px; margin-bottom:0px; margin-left:0px; margin-right:0px; width:100px;\"><div class=\"shortcode-single-image\"><div class=\"fancy-media-wrap  layzr-bg\" style=\"\"><img decoding=\"async\" class=\"preload-me lazy-load aspect\" src=\"data:image\/svg+xml,%3Csvg%20xmlns%3D&#39;http%3A%2F%2Fwww.w3.org%2F2000%2Fsvg&#39;%20viewBox%3D&#39;0%200%2080%20101&#39;%2F%3E\" data-src=\"https:\/\/msv1995.de\/wp-content\/uploads\/2022\/11\/CFB9B669-2A61-48D4-9008-98C0C63B1766-e1667346509129.png\" data-srcset=\"https:\/\/msv1995.de\/wp-content\/uploads\/2022\/11\/CFB9B669-2A61-48D4-9008-98C0C63B1766-e1667346509129.png 80w\" loading=\"eager\" sizes=\"(max-width: 80px) 100vw, 80px\" width=\"80\" height=\"101\"  data-dt-location=\"https:\/\/msv1995.de\/en\/cfb9b669-2a61-48d4-9008-98c0c63b1766\" style=\"--ratio: 80 \/ 101;\" alt=\"\" \/><\/div><\/div><\/div><div class=\"vc_empty_space\"   style=\"height: 32px\"><span class=\"vc_empty_space_inner\"><\/span><\/div><div class=\"vc_row wpb_row vc_inner vc_row-fluid vc_custom_1667582143207\"><div class=\"wpb_column vc_column_container vc_col-sm-2\"><div class=\"vc_column-inner\"><div class=\"wpb_wrapper\"><\/div><\/div><\/div><div class=\"wpb_column vc_column_container vc_col-sm-2\"><div class=\"vc_column-inner\"><div class=\"wpb_wrapper\"><style type=\"text\/css\" data-type=\"the7_shortcodes-inline-css\">.shortcode-single-image-wrap.shortcode-single-image-ed93347e7679f0d258c84c5d6d7164f7.enable-bg-rollover .rollover i,\n.shortcode-single-image-wrap.shortcode-single-image-ed93347e7679f0d258c84c5d6d7164f7.enable-bg-rollover .rollover-video i {\n  background: -webkit-linear-gradient();\n  background: linear-gradient();\n}\n.shortcode-single-image-wrap.shortcode-single-image-ed93347e7679f0d258c84c5d6d7164f7 .rollover-icon {\n  font-size: 32px;\n  color: #ffffff;\n  min-width: 44px;\n  min-height: 44px;\n  line-height: 44px;\n  border-radius: 100px;\n  border-style: solid;\n  border-width: 0px;\n}\n.dt-icon-bg-on.shortcode-single-image-wrap.shortcode-single-image-ed93347e7679f0d258c84c5d6d7164f7 .rollover-icon {\n  background: rgba(255,255,255,0.3);\n  box-shadow: none;\n}<\/style><div class=\"shortcode-single-image-wrap shortcode-single-image-ed93347e7679f0d258c84c5d6d7164f7 alignnone  enable-bg-rollover dt-icon-bg-off\" style=\"margin-top:0px; margin-bottom:0px; margin-left:0px; margin-right:0px; width:40px;\"><div class=\"shortcode-single-image\"><div class=\"fancy-media-wrap  layzr-bg\" style=\"\"><img decoding=\"async\" class=\"preload-me lazy-load aspect\" src=\"data:image\/svg+xml,%3Csvg%20xmlns%3D&#39;http%3A%2F%2Fwww.w3.org%2F2000%2Fsvg&#39;%20viewBox%3D&#39;0%200%2040%2040&#39;%2F%3E\" data-src=\"https:\/\/msv1995.de\/wp-content\/uploads\/2022\/11\/2E6CF21A-4974-44F3-B4CC-36E98B840647-40x40.png\" data-srcset=\"https:\/\/msv1995.de\/wp-content\/uploads\/2022\/11\/2E6CF21A-4974-44F3-B4CC-36E98B840647-40x40.png 40w, https:\/\/msv1995.de\/wp-content\/uploads\/2022\/11\/2E6CF21A-4974-44F3-B4CC-36E98B840647-80x80.png 80w\" loading=\"eager\" sizes=\"(max-width: 40px) 100vw, 40px\" width=\"40\" height=\"40\"  data-dt-location=\"https:\/\/msv1995.de\/en\/home\/2e6cf21a-4974-44f3-b4cc-36e98b840647\" style=\"--ratio: 40 \/ 40;\" alt=\"\" \/><\/div><\/div><\/div><div class=\"vc_empty_space\"   style=\"height: 32px\"><span class=\"vc_empty_space_inner\"><\/span><\/div><\/div><\/div><\/div><div class=\"wpb_column vc_column_container vc_col-sm-2\"><div class=\"vc_column-inner\"><div class=\"wpb_wrapper\"><style type=\"text\/css\" data-type=\"the7_shortcodes-inline-css\">.shortcode-single-image-wrap.shortcode-single-image-f659a72157004f9b9c48bbb5966a735d.enable-bg-rollover .rollover i,\n.shortcode-single-image-wrap.shortcode-single-image-f659a72157004f9b9c48bbb5966a735d.enable-bg-rollover .rollover-video i {\n  background: -webkit-linear-gradient();\n  background: linear-gradient();\n}\n.shortcode-single-image-wrap.shortcode-single-image-f659a72157004f9b9c48bbb5966a735d .rollover-icon {\n  font-size: 32px;\n  color: #ffffff;\n  min-width: 44px;\n  min-height: 44px;\n  line-height: 44px;\n  border-radius: 100px;\n  border-style: solid;\n  border-width: 0px;\n}\n.dt-icon-bg-on.shortcode-single-image-wrap.shortcode-single-image-f659a72157004f9b9c48bbb5966a735d .rollover-icon {\n  background: rgba(255,255,255,0.3);\n  box-shadow: none;\n}<\/style><div class=\"shortcode-single-image-wrap shortcode-single-image-f659a72157004f9b9c48bbb5966a735d alignnone  enable-bg-rollover dt-icon-bg-off\" style=\"margin-top:0px; margin-bottom:0px; margin-left:0px; margin-right:0px; width:35px;\"><div class=\"shortcode-single-image\"><div class=\"fancy-media-wrap  layzr-bg\" style=\"\"><img decoding=\"async\" class=\"preload-me lazy-load aspect\" src=\"data:image\/svg+xml,%3Csvg%20xmlns%3D&#39;http%3A%2F%2Fwww.w3.org%2F2000%2Fsvg&#39;%20viewBox%3D&#39;0%200%2035%2035&#39;%2F%3E\" data-src=\"https:\/\/msv1995.de\/wp-content\/uploads\/2023\/07\/fd-1-35x35.png\" data-srcset=\"https:\/\/msv1995.de\/wp-content\/uploads\/2023\/07\/fd-1-35x35.png 35w, https:\/\/msv1995.de\/wp-content\/uploads\/2023\/07\/fd-1-70x70.png 70w\" loading=\"eager\" sizes=\"(max-width: 35px) 100vw, 35px\" width=\"35\" height=\"35\"  data-dt-location=\"https:\/\/msv1995.de\/en\/1-mannschaft\/fd\" style=\"--ratio: 35 \/ 35;\" alt=\"\" \/><\/div><\/div><\/div><div class=\"vc_empty_space\"   style=\"height: 32px\"><span class=\"vc_empty_space_inner\"><\/span><\/div><\/div><\/div><\/div><div class=\"wpb_column vc_column_container vc_col-sm-2\"><div class=\"vc_column-inner\"><div class=\"wpb_wrapper\"><style type=\"text\/css\" data-type=\"the7_shortcodes-inline-css\">.shortcode-single-image-wrap.shortcode-single-image-1613272c14cf7785953e012041e3e0c9.enable-bg-rollover .rollover i,\n.shortcode-single-image-wrap.shortcode-single-image-1613272c14cf7785953e012041e3e0c9.enable-bg-rollover .rollover-video i {\n  background: -webkit-linear-gradient();\n  background: linear-gradient();\n}\n.shortcode-single-image-wrap.shortcode-single-image-1613272c14cf7785953e012041e3e0c9 .rollover-icon {\n  font-size: 32px;\n  color: #ffffff;\n  min-width: 44px;\n  min-height: 44px;\n  line-height: 44px;\n  border-radius: 100px;\n  border-style: solid;\n  border-width: 0px;\n}\n.dt-icon-bg-on.shortcode-single-image-wrap.shortcode-single-image-1613272c14cf7785953e012041e3e0c9 .rollover-icon {\n  background: rgba(255,255,255,0.3);\n  box-shadow: none;\n}<\/style><div class=\"shortcode-single-image-wrap shortcode-single-image-1613272c14cf7785953e012041e3e0c9 alignnone  enable-bg-rollover dt-icon-bg-off\" style=\"margin-top:0px; margin-bottom:0px; margin-left:0px; margin-right:0px; width:40px;\"><div class=\"shortcode-single-image\"><div class=\"fancy-media-wrap  layzr-bg\" style=\"\"><img decoding=\"async\" class=\"preload-me lazy-load aspect\" src=\"data:image\/svg+xml,%3Csvg%20xmlns%3D&#39;http%3A%2F%2Fwww.w3.org%2F2000%2Fsvg&#39;%20viewBox%3D&#39;0%200%2040%2040&#39;%2F%3E\" data-src=\"https:\/\/msv1995.de\/wp-content\/uploads\/2022\/11\/0D75C66C-4491-427E-95B3-0E29CC8BE667-40x40.png\" data-srcset=\"https:\/\/msv1995.de\/wp-content\/uploads\/2022\/11\/0D75C66C-4491-427E-95B3-0E29CC8BE667-40x40.png 40w, https:\/\/msv1995.de\/wp-content\/uploads\/2022\/11\/0D75C66C-4491-427E-95B3-0E29CC8BE667-80x80.png 80w\" loading=\"eager\" sizes=\"(max-width: 40px) 100vw, 40px\" width=\"40\" height=\"40\"  data-dt-location=\"https:\/\/msv1995.de\/en\/home\/0d75c66c-4491-427e-95b3-0e29cc8be667\" style=\"--ratio: 40 \/ 40;\" alt=\"\" \/><\/div><\/div><\/div><div class=\"vc_empty_space\"   style=\"height: 32px\"><span class=\"vc_empty_space_inner\"><\/span><\/div><\/div><\/div><\/div><div class=\"wpb_column vc_column_container vc_col-sm-2\"><div class=\"vc_column-inner\"><div class=\"wpb_wrapper\"><style type=\"text\/css\" data-type=\"the7_shortcodes-inline-css\">.shortcode-single-image-wrap.shortcode-single-image-058272fea47b45b319afca331c580409.enable-bg-rollover .rollover i,\n.shortcode-single-image-wrap.shortcode-single-image-058272fea47b45b319afca331c580409.enable-bg-rollover .rollover-video i {\n  background: -webkit-linear-gradient();\n  background: linear-gradient();\n}\n.shortcode-single-image-wrap.shortcode-single-image-058272fea47b45b319afca331c580409 .rollover-icon {\n  font-size: 32px;\n  color: #ffffff;\n  min-width: 44px;\n  min-height: 44px;\n  line-height: 44px;\n  border-radius: 100px;\n  border-style: solid;\n  border-width: 0px;\n}\n.dt-icon-bg-on.shortcode-single-image-wrap.shortcode-single-image-058272fea47b45b319afca331c580409 .rollover-icon {\n  background: rgba(255,255,255,0.3);\n  box-shadow: none;\n}<\/style><div class=\"shortcode-single-image-wrap shortcode-single-image-058272fea47b45b319afca331c580409 alignnone  enable-bg-rollover dt-icon-bg-off\" style=\"margin-top:0px; margin-bottom:0px; margin-left:0px; margin-right:0px; width:40px;\"><div class=\"shortcode-single-image\"><div class=\"fancy-media-wrap  layzr-bg\" style=\"\"><img decoding=\"async\" class=\"preload-me lazy-load aspect\" src=\"data:image\/svg+xml,%3Csvg%20xmlns%3D&#39;http%3A%2F%2Fwww.w3.org%2F2000%2Fsvg&#39;%20viewBox%3D&#39;0%200%2040%2040&#39;%2F%3E\" data-src=\"https:\/\/msv1995.de\/wp-content\/uploads\/2022\/11\/DB58E6F2-3E30-4FBA-96FE-80C15A5B6E33-40x40.png\" data-srcset=\"https:\/\/msv1995.de\/wp-content\/uploads\/2022\/11\/DB58E6F2-3E30-4FBA-96FE-80C15A5B6E33-40x40.png 40w, https:\/\/msv1995.de\/wp-content\/uploads\/2022\/11\/DB58E6F2-3E30-4FBA-96FE-80C15A5B6E33-80x80.png 80w\" loading=\"eager\" sizes=\"(max-width: 40px) 100vw, 40px\" width=\"40\" height=\"40\"  data-dt-location=\"https:\/\/msv1995.de\/en\/home\/db58e6f2-3e30-4fba-96fe-80c15a5b6e33\" style=\"--ratio: 40 \/ 40;\" alt=\"\" \/><\/div><\/div><\/div><div class=\"vc_empty_space\"   style=\"height: 32px\"><span class=\"vc_empty_space_inner\"><\/span><\/div><\/div><\/div><\/div><div class=\"wpb_column vc_column_container vc_col-sm-2\"><div class=\"vc_column-inner\"><div class=\"wpb_wrapper\"><\/div><\/div><\/div><\/div><div class=\"vc_empty_space\"   style=\"height: 32px\"><span class=\"vc_empty_space_inner\"><\/span><\/div><\/div><\/div><\/div><\/div><div class=\"vc_row-full-width vc_clearfix\"><\/div><!-- Row Backgrounds --><div class=\"upb_color\" data-bg-override=\"ex-full\" data-bg-color=\"#a20404\" data-fadeout=\"\" data-fadeout-percentage=\"30\" data-parallax-content=\"\" data-parallax-content-sense=\"30\" data-row-effect-mobile-disable=\"true\" data-img-parallax-mobile-disable=\"true\" data-rtl=\"false\"  data-custom-vc-row=\"\"  data-vc=\"8.7.2\"  data-is_old_vc=\"\"  data-theme-support=\"\"   data-overlay=\"false\" data-overlay-color=\"\" data-overlay-pattern=\"\" data-overlay-pattern-opacity=\"\" data-overlay-pattern-size=\"\"    ><\/div>\n<\/div>","protected":false},"excerpt":{"rendered":"<p>E-Juniorinnen (U11w, Jahrgang 2015\/2016\/2017) Der MSV D\u00fcsseldorf 1995 e.V. freut sich, ein Probetraining speziell f\u00fcr M\u00e4dchen anbieten zu k\u00f6nnen. Mit Amina Bouaanan\u00a0konnten wir eine engagierte Trainerin f\u00fcr uns gewinnen. Wir suchen die Jahrg\u00e4nge 2015, 2016 &amp; 2017. Bitte melden Sie sich \u00fcber das Formular zum Training an. Alternativ kontaktieren Sie uns per WhatsApp unter (+49)&hellip;<\/p>","protected":false},"author":1,"featured_media":0,"parent":0,"menu_order":0,"comment_status":"closed","ping_status":"closed","template":"","meta":{"footnotes":""},"class_list":["post-3902","page","type-page","status-publish","hentry","description-off"],"_links":{"self":[{"href":"https:\/\/msv1995.de\/en\/wp-json\/wp\/v2\/pages\/3902","targetHints":{"allow":["GET"]}}],"collection":[{"href":"https:\/\/msv1995.de\/en\/wp-json\/wp\/v2\/pages"}],"about":[{"href":"https:\/\/msv1995.de\/en\/wp-json\/wp\/v2\/types\/page"}],"author":[{"embeddable":true,"href":"https:\/\/msv1995.de\/en\/wp-json\/wp\/v2\/users\/1"}],"replies":[{"embeddable":true,"href":"https:\/\/msv1995.de\/en\/wp-json\/wp\/v2\/comments?post=3902"}],"version-history":[{"count":28,"href":"https:\/\/msv1995.de\/en\/wp-json\/wp\/v2\/pages\/3902\/revisions"}],"predecessor-version":[{"id":4222,"href":"https:\/\/msv1995.de\/en\/wp-json\/wp\/v2\/pages\/3902\/revisions\/4222"}],"wp:attachment":[{"href":"https:\/\/msv1995.de\/en\/wp-json\/wp\/v2\/media?parent=3902"}],"curies":[{"name":"wp","href":"https:\/\/api.w.org\/{rel}","templated":true}]}}